{"id":409,"date":"2015-02-27T08:38:59","date_gmt":"2015-02-27T08:38:59","guid":{"rendered":"http:\/\/version-beta.net\/UCO\/historia-2\/"},"modified":"2015-06-10T16:13:54","modified_gmt":"2015-06-10T14:13:54","slug":"historia-sa-pobla-mallorca","status":"publish","type":"page","link":"https:\/\/www.mateuexport.com\/ca\/historia-sa-pobla-mallorca\/","title":{"rendered":"Historia"},"content":{"rendered":"\n<style type=\"text\/css\" data-created_by=\"avia_inline_auto\" id=\"style-css-av-av_section-3749cc4551f999ee55b1338b35fe3eb7\">\n.avia-section.av-av_section-3749cc4551f999ee55b1338b35fe3eb7{\nbackground-repeat:no-repeat;\nbackground-image:url(https:\/\/www.mateuexport.com\/wp-content\/uploads\/2015\/02\/historia-bg.jpg);\nbackground-position:0% 0%;\nbackground-attachment:fixed;\n}\n<\/style>\n<div id='av_section_1'  class='avia-section av-av_section-3749cc4551f999ee55b1338b35fe3eb7 main_color avia-section-default avia-no-shadow  avia-builder-el-0  el_before_av_heading  avia-builder-el-first  avia-bg-style-fixed container_wrap sidebar_right'  data-section-bg-repeat='no-repeat'><div class='container av-section-cont-open' ><main  role=\"main\" itemprop=\"mainContentOfPage\"  class='template-page content  av-content-small alpha units'><div class='post-entry post-entry-type-page post-entry-409'><div class='entry-content-wrapper clearfix'><\/div><\/div><\/main><!-- close content main element --><\/div><\/div><div id='after_section_1'  class='main_color av_default_container_wrap container_wrap sidebar_right'  ><div class='container av-section-cont-open' ><div class='template-page content  av-content-small alpha units'><div class='post-entry post-entry-type-page post-entry-409'><div class='entry-content-wrapper clearfix'>\n\n<style type=\"text\/css\" data-created_by=\"avia_inline_auto\" id=\"style-css-av-av_heading-7dbc600f3d5240a7d39347fe3b557071\">\n#top .av-special-heading.av-av_heading-7dbc600f3d5240a7d39347fe3b557071{\npadding-bottom:0;\n}\nbody .av-special-heading.av-av_heading-7dbc600f3d5240a7d39347fe3b557071 .av-special-heading-tag .heading-char{\nfont-size:25px;\n}\n.av-special-heading.av-av_heading-7dbc600f3d5240a7d39347fe3b557071 .av-subheading{\nfont-size:15px;\n}\n<\/style>\n<div  class='av-special-heading av-av_heading-7dbc600f3d5240a7d39347fe3b557071 av-special-heading-h2 blockquote modern-quote modern-centered  avia-builder-el-1  el_after_av_section  el_before_av_hr  avia-builder-el-first '><h2 class='av-special-heading-tag '  itemprop=\"headline\"  >La Hist\u00f2ria de Mateu Export<\/h2><div class=\"special-heading-border\"><div class=\"special-heading-inner-border\"><\/div><\/div><\/div>\n<div  class='hr av-av_hr-bad5bc90bcef2f12297bff634a297b07 hr-short  avia-builder-el-2  el_after_av_heading  el_before_av_three_fourth  hr-center'><span class='hr-inner '><span class=\"hr-inner-style\"><\/span><\/span><\/div>\n<div  class='flex_column av-av_three_fourth-2a9015ff38129c418a3f2eafba3e9512 av_three_fourth  avia-builder-el-3  el_after_av_hr  el_before_av_one_fourth  first flex_column_div  '     ><section  class='av_textblock_section av-av_textblock-19a12f198b1da2c3944a3b081a9efba9 '   itemscope=\"itemscope\" itemtype=\"https:\/\/schema.org\/CreativeWork\" ><div class='avia_textblock av_inherit_color'  itemprop=\"text\" ><p style=\"text-align: left;\">Segons asseguren, certs investigadors, no hi ha coincid\u00e8ncies hist\u00f2riques, per\u00f2, en l\u00b4evoluci\u00f3 del progr\u00e9s hum\u00e0, es produeixen, importants esdeveniments, damunt unes bases sospitosamentge coincidents.<\/p>\n<p style=\"text-align: left;\">Aix\u00ed, al terme municipal de Sa Pobla, per aconseguir el renom internacional i, l\u00b4actual prestigi de qualitat de la patata, hagueren d\u00b4encastar-se, al panorama agr\u00eccola , dues epopeies humanes i una aventura comercial.<\/p>\n<p style=\"text-align: left;\">Gr\u00e0cies a la colossal obra de dessecaci\u00f3 d\u00b4una part de l\u00b4Albufera, pels anglesos J.L. Batteman, cap a les darreries del segle XIX , va estar preparada Sa Pobla, pel gegant\u00ed esfor\u00e7 dels homes, i de les dones, de comne\u00e7aments del Segle XX que, amb la tenacitat del seus braons, romperen les terres incultivades i obriren centenars i centenars de pous, aprofundint, per trobar l\u00b4aigua, i extreure-la, convertint aquella terra de sec\u00e1, en terreny de regadiu.<\/p>\n<p style=\"text-align: left;\">La magn\u00edfica, i extensa, horta poblera, aconseguint amb aquests dos episodis de la lluita de l\u00b4home pobler envers el medi geogr\u00e0fic, era preparada per rebre el tercer factor. Just en el moment oport\u00fa, arrib\u00e1 la llavor de la patata anglesa &#8220;royal Kidney&#8221; que, amb la seva producci\u00f3 va iniciar la gran aventura comercial de l\u00b4exportaci\u00f3.<\/p>\n<p style=\"text-align: left;\">El terme municipal de Sa Pobla \u00e9s al nord-est de l\u00b4illa de Mallorca. T\u00e9 una extensi\u00f3 de 48,53 kms. Una gran part del terme \u00e9s una planura, els terrenys, s\u00f3n formats, b\u00e0sicamente, per sediments quaternaris d\u00b4al.luvions, aportats pels torrents de Sant Miquel al nord-est i el d\u00b4Aumedr\u00e0 al sud-est. La vila es situada a 36 metres d\u00b4altitud sobre el nivell de la mar.<\/p>\n<p style=\"text-align: left;\">Sa Pobla, fa uns anys La Puebla, fou declarada vila reial, pel rei Jaime II, l\u00b4any 1300, en la seva planificaci\u00f3 poblacional de l\u00b4illa. D\u00b4Aleshores en\u00e7\u00e0, Sa Pobla, ha estat una vila eminentment agr\u00edcola.<\/p>\n<p style=\"text-align: left;\">A principis del Segle XX, el conreu de la patata, dedicada al consum local, va experimentar un notable creixement per l\u00b4exportaci\u00f3 vers Gran Bretanya. En 1924, es va introduir, als horts de Sa Pobla, la varietat &#8220;royal Kidney&#8221;. Provinent dels conreus del Maresme catal\u00e0. Aquell any, es varen exportar 25 tones a Liverpool. Com a consequ\u00e8ncia de les bones perspectives exportadores, el 1925, es sembraren 1000 tones. El 1929, s\u00b4importaren 1000 tones de llavor &#8220;royal Kidney&#8221;. El deceni de 1960, el 85% del total de la patata de Sa Pobla, amb una producci\u00f3 d\u00b4unes 15.000 tones, s\u00b4exportaren a Anglaterra.<\/p>\n<p style=\"text-align: left;\">El conreu de la patata, a l\u00b4horta de Sa Pobla ha merescut l\u00b4atenci\u00f3 constant de l\u00b4agricultor, millorant, tant les t\u00e8cniques del regatge, com l\u00b4esment fitosanitari. Aquests darrers anys s\u00b4han introduit noves varietats de patata, per atendre les diverses demandes, ja que, a m\u00e9s de la Gran Bretanya, s\u00b4han obert mercats a Su\u00e8cia, Alemanya, Dinamarca, Holanda i Fran\u00e7a.<\/p>\n<p style=\"text-align: left;\">La reconeguda qualitat de la patata de Sa Pobla, \u00e9s deguda al constant i acurat treball de l\u00b4agricultor, que realitza, gaireb\u00e9, una tasca de jardineria. Es un conreu, per a l\u00e1 agricultor pobler, que ralitza, gaireb\u00e9, una tasca de jardineria. Es un conreu. Per a l\u00b4agricultor pobler, que, com les bones her\u00e8ncies, han heretat de la incansable tenacitat dels seus avantpassats. Les sagues familiars, com les de Sa Pobla, que posen amor en el seu treball, proporcionen aquestes collites de qualitat, aquesta tradici\u00f3 i modernitat en un producte, la patata poblera, que ning\u00fa no pot imitar.<\/p>\n<p style=\"text-align: left;\">Hi ha raons hist\u00f2riques i suors an\u00f2nimes, a cada solc dels horts de Sa Pobla, per produir les exquisides varietats de patatas.<\/p>\n<p style=\"text-align: left;\"><em><strong>Alexandre Ballester<\/strong><\/em><\/p>\n<\/div><\/section><\/div><div  class='flex_column av-av_one_fourth-b51168870d26eac9084c0e2dc495efe0 av_one_fourth  avia-builder-el-5  el_after_av_three_fourth  avia-builder-el-last  flex_column_div  '     ><p>\n<style type=\"text\/css\" data-created_by=\"avia_inline_auto\" id=\"style-css-av-av_image-d7b5f7089523b9bed53a95245216970c\">\n.avia-image-container.av-av_image-d7b5f7089523b9bed53a95245216970c img.avia_image{\nbox-shadow:none;\n}\n.avia-image-container.av-av_image-d7b5f7089523b9bed53a95245216970c .av-image-caption-overlay-center{\ncolor:#ffffff;\n}\n<\/style>\n<div  class='avia-image-container av-av_image-d7b5f7089523b9bed53a95245216970c av-styling- avia-align-center  avia-builder-el-6  el_before_av_image  avia-builder-el-first '   itemprop=\"image\" itemscope=\"itemscope\" itemtype=\"https:\/\/schema.org\/ImageObject\" ><div class=\"avia-image-container-inner\"><div class=\"avia-image-overlay-wrap\"><img decoding=\"async\" fetchpriority=\"high\" class='wp-image-978 avia-img-lazy-loading-not-978 avia_image ' src=\"https:\/\/www.mateuexport.com\/wp-content\/uploads\/2015\/02\/hist-1.jpg\" alt='Exportar patates Espanya' title='Exportar patates Espanya'  height=\"285\" width=\"400\"  itemprop=\"thumbnailUrl\" srcset=\"https:\/\/www.mateuexport.com\/wp-content\/uploads\/2015\/02\/hist-1.jpg 400w, https:\/\/www.mateuexport.com\/wp-content\/uploads\/2015\/02\/hist-1-300x214.jpg 300w, https:\/\/www.mateuexport.com\/wp-content\/uploads\/2015\/02\/hist-1-260x185.jpg 260w\" sizes=\"(max-width: 400px) 100vw, 400px\" \/><\/div><\/div><\/div><br \/>\n\n<style type=\"text\/css\" data-created_by=\"avia_inline_auto\" id=\"style-css-av-av_image-54b5fb3400bd2030ee5eb0de46083241\">\n.avia-image-container.av-av_image-54b5fb3400bd2030ee5eb0de46083241 img.avia_image{\nbox-shadow:none;\n}\n.avia-image-container.av-av_image-54b5fb3400bd2030ee5eb0de46083241 .av-image-caption-overlay-center{\ncolor:#ffffff;\n}\n<\/style>\n<div  class='avia-image-container av-av_image-54b5fb3400bd2030ee5eb0de46083241 av-styling- avia-align-center  avia-builder-el-7  el_after_av_image  el_before_av_image '   itemprop=\"image\" itemscope=\"itemscope\" itemtype=\"https:\/\/schema.org\/ImageObject\" ><div class=\"avia-image-container-inner\"><div class=\"avia-image-overlay-wrap\"><img decoding=\"async\" fetchpriority=\"high\" class='wp-image-984 avia-img-lazy-loading-not-984 avia_image ' src=\"https:\/\/www.mateuexport.com\/wp-content\/uploads\/2015\/02\/hist-2.jpg\" alt='Exportar patates espanyoles' title='Exportar patates espanyoles'  height=\"285\" width=\"400\"  itemprop=\"thumbnailUrl\" srcset=\"https:\/\/www.mateuexport.com\/wp-content\/uploads\/2015\/02\/hist-2.jpg 400w, https:\/\/www.mateuexport.com\/wp-content\/uploads\/2015\/02\/hist-2-300x214.jpg 300w, https:\/\/www.mateuexport.com\/wp-content\/uploads\/2015\/02\/hist-2-260x185.jpg 260w\" sizes=\"(max-width: 400px) 100vw, 400px\" \/><\/div><\/div><\/div><br \/>\n\n<style type=\"text\/css\" data-created_by=\"avia_inline_auto\" id=\"style-css-av-av_image-6989b7b2282603b5d4f5985d8cc41198\">\n.avia-image-container.av-av_image-6989b7b2282603b5d4f5985d8cc41198 img.avia_image{\nbox-shadow:none;\n}\n.avia-image-container.av-av_image-6989b7b2282603b5d4f5985d8cc41198 .av-image-caption-overlay-center{\ncolor:#ffffff;\n}\n<\/style>\n<div  class='avia-image-container av-av_image-6989b7b2282603b5d4f5985d8cc41198 av-styling- avia-align-center  avia-builder-el-8  el_after_av_image  avia-builder-el-last '   itemprop=\"image\" itemscope=\"itemscope\" itemtype=\"https:\/\/schema.org\/ImageObject\" ><div class=\"avia-image-container-inner\"><div class=\"avia-image-overlay-wrap\"><img decoding=\"async\" fetchpriority=\"high\" class='wp-image-981 avia-img-lazy-loading-not-981 avia_image ' src=\"https:\/\/www.mateuexport.com\/wp-content\/uploads\/2015\/02\/hist-3.jpg\" alt='Empresa de exportadora de patates' title='Empresa de exportadora de patates'  height=\"285\" width=\"400\"  itemprop=\"thumbnailUrl\" srcset=\"https:\/\/www.mateuexport.com\/wp-content\/uploads\/2015\/02\/hist-3.jpg 400w, https:\/\/www.mateuexport.com\/wp-content\/uploads\/2015\/02\/hist-3-300x214.jpg 300w, https:\/\/www.mateuexport.com\/wp-content\/uploads\/2015\/02\/hist-3-260x185.jpg 260w\" sizes=\"(max-width: 400px) 100vw, 400px\" \/><\/div><\/div><\/div><\/p><\/div><\/p>\n","protected":false},"excerpt":{"rendered":"","protected":false},"author":1,"featured_media":0,"parent":0,"menu_order":0,"comment_status":"open","ping_status":"closed","template":"","meta":{"footnotes":""},"class_list":["post-409","page","type-page","status-publish","hentry"],"yoast_head":"<!-- This site is optimized with the Yoast SEO plugin v23.4 - https:\/\/yoast.com\/wordpress\/plugins\/seo\/ -->\n<title>Mateu Export | Productors &amp; Exportadors de patates de Sa Pobla Mallorca<\/title>\n<meta name=\"description\" content=\"Empresa dedicada a la producci\u00f3, venda a l&#039;engr\u00f2s i exportaci\u00f3 de patates de Mallorca. Comercialitza a nivell nacional a tot Espanya i mitjan\u00e7ant l&#039;exportaci\u00f3 a Europa. Situada a Sa Pobla Mallorca, permet portar les seves patates del camp als comer\u00e7os en tan sols 72 hores.\" \/>\n<meta name=\"robots\" content=\"index, follow, max-snippet:-1, max-image-preview:large, max-video-preview:-1\" \/>\n<link rel=\"canonical\" href=\"https:\/\/www.mateuexport.com\/ca\/historia-sa-pobla-mallorca\/\" \/>\n<meta property=\"og:locale\" content=\"ca_ES\" \/>\n<meta property=\"og:type\" content=\"article\" \/>\n<meta property=\"og:title\" content=\"Mateu Export | Productors &amp; Exportadors de patates de Sa Pobla Mallorca\" \/>\n<meta property=\"og:description\" content=\"Empresa dedicada a la producci\u00f3, venda a l&#039;engr\u00f2s i exportaci\u00f3 de patates de Mallorca. Comercialitza a nivell nacional a tot Espanya i mitjan\u00e7ant l&#039;exportaci\u00f3 a Europa. Situada a Sa Pobla Mallorca, permet portar les seves patates del camp als comer\u00e7os en tan sols 72 hores.\" \/>\n<meta property=\"og:url\" content=\"https:\/\/www.mateuexport.com\/ca\/historia-sa-pobla-mallorca\/\" \/>\n<meta property=\"og:site_name\" content=\"Mateu Export\" \/>\n<meta property=\"article:modified_time\" content=\"2015-06-10T14:13:54+00:00\" \/>\n<meta name=\"twitter:label1\" content=\"Est. reading time\" \/>\n\t<meta name=\"twitter:data1\" content=\"4 minutes\" \/>\n<script type=\"application\/ld+json\" class=\"yoast-schema-graph\">{\"@context\":\"https:\/\/schema.org\",\"@graph\":[{\"@type\":\"WebPage\",\"@id\":\"https:\/\/www.mateuexport.com\/ca\/historia-sa-pobla-mallorca\/\",\"url\":\"https:\/\/www.mateuexport.com\/ca\/historia-sa-pobla-mallorca\/\",\"name\":\"Mateu Export | Productors & Exportadors de patates de Sa Pobla Mallorca\",\"isPartOf\":{\"@id\":\"https:\/\/www.mateuexport.com\/#website\"},\"datePublished\":\"2015-02-27T08:38:59+00:00\",\"dateModified\":\"2015-06-10T14:13:54+00:00\",\"description\":\"Empresa dedicada a la producci\u00f3, venda a l'engr\u00f2s i exportaci\u00f3 de patates de Mallorca. Comercialitza a nivell nacional a tot Espanya i mitjan\u00e7ant l'exportaci\u00f3 a Europa. Situada a Sa Pobla Mallorca, permet portar les seves patates del camp als comer\u00e7os en tan sols 72 hores.\",\"breadcrumb\":{\"@id\":\"https:\/\/www.mateuexport.com\/ca\/historia-sa-pobla-mallorca\/#breadcrumb\"},\"inLanguage\":\"ca-ES\",\"potentialAction\":[{\"@type\":\"ReadAction\",\"target\":[\"https:\/\/www.mateuexport.com\/ca\/historia-sa-pobla-mallorca\/\"]}]},{\"@type\":\"BreadcrumbList\",\"@id\":\"https:\/\/www.mateuexport.com\/ca\/historia-sa-pobla-mallorca\/#breadcrumb\",\"itemListElement\":[{\"@type\":\"ListItem\",\"position\":1,\"name\":\"Portada\",\"item\":\"https:\/\/www.mateuexport.com\/ca\/\"},{\"@type\":\"ListItem\",\"position\":2,\"name\":\"Historia\"}]},{\"@type\":\"WebSite\",\"@id\":\"https:\/\/www.mateuexport.com\/#website\",\"url\":\"https:\/\/www.mateuexport.com\/\",\"name\":\"Mateu Export\",\"description\":\"News Potatoes From Mallorca\",\"publisher\":{\"@id\":\"https:\/\/www.mateuexport.com\/#organization\"},\"potentialAction\":[{\"@type\":\"SearchAction\",\"target\":{\"@type\":\"EntryPoint\",\"urlTemplate\":\"https:\/\/www.mateuexport.com\/?s={search_term_string}\"},\"query-input\":{\"@type\":\"PropertyValueSpecification\",\"valueRequired\":true,\"valueName\":\"search_term_string\"}}],\"inLanguage\":\"ca-ES\"},{\"@type\":\"Organization\",\"@id\":\"https:\/\/www.mateuexport.com\/#organization\",\"name\":\"Mateu Export\",\"url\":\"https:\/\/www.mateuexport.com\/\",\"logo\":{\"@type\":\"ImageObject\",\"inLanguage\":\"ca-ES\",\"@id\":\"https:\/\/www.mateuexport.com\/#\/schema\/logo\/image\/\",\"url\":\"https:\/\/www.mateuexport.com\/wp-content\/uploads\/2015\/09\/logo-mateuexport-300x89.gif\",\"contentUrl\":\"https:\/\/www.mateuexport.com\/wp-content\/uploads\/2015\/09\/logo-mateuexport-300x89.gif\",\"width\":300,\"height\":89,\"caption\":\"Mateu Export\"},\"image\":{\"@id\":\"https:\/\/www.mateuexport.com\/#\/schema\/logo\/image\/\"}}]}<\/script>\n<!-- \/ Yoast SEO plugin. -->","yoast_head_json":{"title":"Mateu Export | Productors & Exportadors de patates de Sa Pobla Mallorca","description":"Empresa dedicada a la producci\u00f3, venda a l'engr\u00f2s i exportaci\u00f3 de patates de Mallorca. Comercialitza a nivell nacional a tot Espanya i mitjan\u00e7ant l'exportaci\u00f3 a Europa. Situada a Sa Pobla Mallorca, permet portar les seves patates del camp als comer\u00e7os en tan sols 72 hores.","robots":{"index":"index","follow":"follow","max-snippet":"max-snippet:-1","max-image-preview":"max-image-preview:large","max-video-preview":"max-video-preview:-1"},"canonical":"https:\/\/www.mateuexport.com\/ca\/historia-sa-pobla-mallorca\/","og_locale":"ca_ES","og_type":"article","og_title":"Mateu Export | Productors & Exportadors de patates de Sa Pobla Mallorca","og_description":"Empresa dedicada a la producci\u00f3, venda a l'engr\u00f2s i exportaci\u00f3 de patates de Mallorca. Comercialitza a nivell nacional a tot Espanya i mitjan\u00e7ant l'exportaci\u00f3 a Europa. Situada a Sa Pobla Mallorca, permet portar les seves patates del camp als comer\u00e7os en tan sols 72 hores.","og_url":"https:\/\/www.mateuexport.com\/ca\/historia-sa-pobla-mallorca\/","og_site_name":"Mateu Export","article_modified_time":"2015-06-10T14:13:54+00:00","twitter_misc":{"Est. reading time":"4 minutes"},"schema":{"@context":"https:\/\/schema.org","@graph":[{"@type":"WebPage","@id":"https:\/\/www.mateuexport.com\/ca\/historia-sa-pobla-mallorca\/","url":"https:\/\/www.mateuexport.com\/ca\/historia-sa-pobla-mallorca\/","name":"Mateu Export | Productors & Exportadors de patates de Sa Pobla Mallorca","isPartOf":{"@id":"https:\/\/www.mateuexport.com\/#website"},"datePublished":"2015-02-27T08:38:59+00:00","dateModified":"2015-06-10T14:13:54+00:00","description":"Empresa dedicada a la producci\u00f3, venda a l'engr\u00f2s i exportaci\u00f3 de patates de Mallorca. Comercialitza a nivell nacional a tot Espanya i mitjan\u00e7ant l'exportaci\u00f3 a Europa. Situada a Sa Pobla Mallorca, permet portar les seves patates del camp als comer\u00e7os en tan sols 72 hores.","breadcrumb":{"@id":"https:\/\/www.mateuexport.com\/ca\/historia-sa-pobla-mallorca\/#breadcrumb"},"inLanguage":"ca-ES","potentialAction":[{"@type":"ReadAction","target":["https:\/\/www.mateuexport.com\/ca\/historia-sa-pobla-mallorca\/"]}]},{"@type":"BreadcrumbList","@id":"https:\/\/www.mateuexport.com\/ca\/historia-sa-pobla-mallorca\/#breadcrumb","itemListElement":[{"@type":"ListItem","position":1,"name":"Portada","item":"https:\/\/www.mateuexport.com\/ca\/"},{"@type":"ListItem","position":2,"name":"Historia"}]},{"@type":"WebSite","@id":"https:\/\/www.mateuexport.com\/#website","url":"https:\/\/www.mateuexport.com\/","name":"Mateu Export","description":"News Potatoes From Mallorca","publisher":{"@id":"https:\/\/www.mateuexport.com\/#organization"},"potentialAction":[{"@type":"SearchAction","target":{"@type":"EntryPoint","urlTemplate":"https:\/\/www.mateuexport.com\/?s={search_term_string}"},"query-input":{"@type":"PropertyValueSpecification","valueRequired":true,"valueName":"search_term_string"}}],"inLanguage":"ca-ES"},{"@type":"Organization","@id":"https:\/\/www.mateuexport.com\/#organization","name":"Mateu Export","url":"https:\/\/www.mateuexport.com\/","logo":{"@type":"ImageObject","inLanguage":"ca-ES","@id":"https:\/\/www.mateuexport.com\/#\/schema\/logo\/image\/","url":"https:\/\/www.mateuexport.com\/wp-content\/uploads\/2015\/09\/logo-mateuexport-300x89.gif","contentUrl":"https:\/\/www.mateuexport.com\/wp-content\/uploads\/2015\/09\/logo-mateuexport-300x89.gif","width":300,"height":89,"caption":"Mateu Export"},"image":{"@id":"https:\/\/www.mateuexport.com\/#\/schema\/logo\/image\/"}}]}},"_links":{"self":[{"href":"https:\/\/www.mateuexport.com\/ca\/wp-json\/wp\/v2\/pages\/409"}],"collection":[{"href":"https:\/\/www.mateuexport.com\/ca\/wp-json\/wp\/v2\/pages"}],"about":[{"href":"https:\/\/www.mateuexport.com\/ca\/wp-json\/wp\/v2\/types\/page"}],"author":[{"embeddable":true,"href":"https:\/\/www.mateuexport.com\/ca\/wp-json\/wp\/v2\/users\/1"}],"replies":[{"embeddable":true,"href":"https:\/\/www.mateuexport.com\/ca\/wp-json\/wp\/v2\/comments?post=409"}],"version-history":[{"count":5,"href":"https:\/\/www.mateuexport.com\/ca\/wp-json\/wp\/v2\/pages\/409\/revisions"}],"predecessor-version":[{"id":595,"href":"https:\/\/www.mateuexport.com\/ca\/wp-json\/wp\/v2\/pages\/409\/revisions\/595"}],"wp:attachment":[{"href":"https:\/\/www.mateuexport.com\/ca\/wp-json\/wp\/v2\/media?parent=409"}],"curies":[{"name":"wp","href":"https:\/\/api.w.org\/{rel}","templated":true}]}}