{"id":566,"date":"2015-02-27T10:10:31","date_gmt":"2015-02-27T10:10:31","guid":{"rendered":"http:\/\/www.mateuexport.com\/instalaciones-2\/"},"modified":"2015-06-10T16:12:51","modified_gmt":"2015-06-10T14:12:51","slug":"instalacions-patates-sa-pobla-mallorca","status":"publish","type":"page","link":"https:\/\/www.mateuexport.com\/ca\/instalacions-patates-sa-pobla-mallorca\/","title":{"rendered":"Instalaciones"},"content":{"rendered":"\n<style type=\"text\/css\" data-created_by=\"avia_inline_auto\" id=\"style-css-av-av_section-4269c3c814f775fe0c3342136b73d7bd\">\n.avia-section.av-av_section-4269c3c814f775fe0c3342136b73d7bd{\nbackground-repeat:no-repeat;\nbackground-image:url(https:\/\/www.mateuexport.com\/wp-content\/uploads\/2015\/02\/instalaciones-bg.jpg);\nbackground-position:0% 0%;\nbackground-attachment:fixed;\n}\n<\/style>\n<div id='av_section_1'  class='avia-section av-av_section-4269c3c814f775fe0c3342136b73d7bd main_color avia-section-default avia-no-shadow  avia-builder-el-0  el_before_av_heading  avia-builder-el-first  avia-bg-style-fixed container_wrap sidebar_right'  data-section-bg-repeat='no-repeat'><div class='container av-section-cont-open' ><main  role=\"main\" itemprop=\"mainContentOfPage\"  class='template-page content  av-content-small alpha units'><div class='post-entry post-entry-type-page post-entry-566'><div class='entry-content-wrapper clearfix'><\/div><\/div><\/main><!-- close content main element --><\/div><\/div><div id='after_section_1'  class='main_color av_default_container_wrap container_wrap sidebar_right'  ><div class='container av-section-cont-open' ><div class='template-page content  av-content-small alpha units'><div class='post-entry post-entry-type-page post-entry-566'><div class='entry-content-wrapper clearfix'>\n\n<style type=\"text\/css\" data-created_by=\"avia_inline_auto\" id=\"style-css-av-av_heading-0cb3f4a8234d71b2e1fd8c8913753613\">\n#top .av-special-heading.av-av_heading-0cb3f4a8234d71b2e1fd8c8913753613{\npadding-bottom:0;\n}\nbody .av-special-heading.av-av_heading-0cb3f4a8234d71b2e1fd8c8913753613 .av-special-heading-tag .heading-char{\nfont-size:25px;\n}\n.av-special-heading.av-av_heading-0cb3f4a8234d71b2e1fd8c8913753613 .av-subheading{\nfont-size:15px;\n}\n<\/style>\n<div  class='av-special-heading av-av_heading-0cb3f4a8234d71b2e1fd8c8913753613 av-special-heading-h2 blockquote modern-quote modern-centered  avia-builder-el-1  el_after_av_section  el_before_av_hr  avia-builder-el-first '><h2 class='av-special-heading-tag '  itemprop=\"headline\"  >Les Instalacions de Mateu Export<\/h2><div class=\"special-heading-border\"><div class=\"special-heading-inner-border\"><\/div><\/div><\/div>\n<div  class='hr av-av_hr-bad5bc90bcef2f12297bff634a297b07 hr-short  avia-builder-el-2  el_after_av_heading  el_before_av_textblock  hr-center'><span class='hr-inner '><span class=\"hr-inner-style\"><\/span><\/span><\/div>\n<section  class='av_textblock_section av-av_textblock-0366cc7376be6c9e82a3e9cc8987b64f '   itemscope=\"itemscope\" itemtype=\"https:\/\/schema.org\/CreativeWork\" ><div class='avia_textblock'  itemprop=\"text\" ><p style=\"text-align: center;\">Les instal.lacions estas compostes pels mes moderns sistemes de triat selecci\u00f3 i empaquetat de patates participant en la seva construcci\u00f3 les principals firmes europees: D.T. Dijsktra B.V.. Newtec, Propack i Verbruggen.<\/p>\n<p style=\"text-align: center;\">La maquin\u00e0ria especial pel triat de les patates fa que no es produeixi mal mec\u00e0nic durant el desenvolupament del seu tractament i a m\u00e9s proporciona una selecci\u00f3 de 5 calibres.<\/p>\n<p style=\"text-align: center;\">Seguidament les patates son seleccionades per els nostres treballadors amb \u00e0mplia experi\u00e8ncia professional dins el sector<\/p>\n<p style=\"text-align: center;\">L\u00b4empaquetament es pot realitzar en big.bags \u00f2 en sacs de 15-20-25 kgs tant amb paper como amb yute.<\/p>\n<p style=\"text-align: center;\">La maquin\u00e0ria de pesat es de gran precisi\u00f3 i es troba totalment computeritzada assegurant la qualitat de la pesada.<\/p>\n<p style=\"text-align: center;\">Disposam d\u00b4un robot paletitzador que assegura una correcta formaci\u00f3 dels palets i una seguretat amb l\u00b4entrega de la mercaderia.<\/p>\n<p style=\"text-align: center;\">Ajuntant el distints aparells detallats, aconseguim una cpacitat de 250 Tones di\u00e0ries.<\/p>\n<\/div><\/section>\n<div  class='flex_column av-av_one_fifth-2a9015ff38129c418a3f2eafba3e9512 av_one_fifth  avia-builder-el-4  el_after_av_textblock  el_before_av_one_fifth  first flex_column_div  column-top-margin'     ><style type=\"text\/css\" data-created_by=\"avia_inline_auto\" id=\"style-css-av-av_image-fe7ae84e915bc497ef143fc87d82b22b\">\n.avia-image-container.av-av_image-fe7ae84e915bc497ef143fc87d82b22b img.avia_image{\nbox-shadow:none;\n}\n.avia-image-container.av-av_image-fe7ae84e915bc497ef143fc87d82b22b .av-image-caption-overlay-center{\ncolor:#ffffff;\n}\n<\/style>\n<div  class='avia-image-container av-av_image-fe7ae84e915bc497ef143fc87d82b22b av-styling- avia-align-center  avia-builder-el-5  avia-builder-el-no-sibling '   itemprop=\"image\" itemscope=\"itemscope\" itemtype=\"https:\/\/schema.org\/ImageObject\" ><div class=\"avia-image-container-inner\"><div class=\"avia-image-overlay-wrap\"><img decoding=\"async\" fetchpriority=\"high\" class='wp-image-993 avia-img-lazy-loading-not-993 avia_image ' src=\"https:\/\/www.mateuexport.com\/wp-content\/uploads\/2015\/02\/inst_f1.jpg\" alt='Empresa de exportadora de patates' title='Empresa de exportadora de patates'  height=\"193\" width=\"251\"  itemprop=\"thumbnailUrl\"  \/><\/div><\/div><\/div><\/div>\n<div  class='flex_column av-av_one_fifth-b51168870d26eac9084c0e2dc495efe0 av_one_fifth  avia-builder-el-6  el_after_av_one_fifth  el_before_av_one_fifth  flex_column_div  column-top-margin'     ><style type=\"text\/css\" data-created_by=\"avia_inline_auto\" id=\"style-css-av-av_image-6dab80ad29c55773fc385bfc46a81fb7\">\n.avia-image-container.av-av_image-6dab80ad29c55773fc385bfc46a81fb7 img.avia_image{\nbox-shadow:none;\n}\n.avia-image-container.av-av_image-6dab80ad29c55773fc385bfc46a81fb7 .av-image-caption-overlay-center{\ncolor:#ffffff;\n}\n<\/style>\n<div  class='avia-image-container av-av_image-6dab80ad29c55773fc385bfc46a81fb7 av-styling- avia-align-center  avia-builder-el-7  avia-builder-el-no-sibling '   itemprop=\"image\" itemscope=\"itemscope\" itemtype=\"https:\/\/schema.org\/ImageObject\" ><div class=\"avia-image-container-inner\"><div class=\"avia-image-overlay-wrap\"><img decoding=\"async\" fetchpriority=\"high\" class='wp-image-1005 avia-img-lazy-loading-not-1005 avia_image ' src=\"https:\/\/www.mateuexport.com\/wp-content\/uploads\/2015\/02\/inst_f2.jpg\" alt='Exportaci\u00f3 de patates Espanya' title='Exportaci\u00f3 de patates Espanya'  height=\"193\" width=\"251\"  itemprop=\"thumbnailUrl\"  \/><\/div><\/div><\/div><\/div>\n<div  class='flex_column av-av_one_fifth-b51168870d26eac9084c0e2dc495efe0 av_one_fifth  avia-builder-el-8  el_after_av_one_fifth  el_before_av_one_fifth  flex_column_div  column-top-margin'     ><style type=\"text\/css\" data-created_by=\"avia_inline_auto\" id=\"style-css-av-av_image-f7e1a9cede4982da0d80ec7ce1b7e22d\">\n.avia-image-container.av-av_image-f7e1a9cede4982da0d80ec7ce1b7e22d img.avia_image{\nbox-shadow:none;\n}\n.avia-image-container.av-av_image-f7e1a9cede4982da0d80ec7ce1b7e22d .av-image-caption-overlay-center{\ncolor:#ffffff;\n}\n<\/style>\n<div  class='avia-image-container av-av_image-f7e1a9cede4982da0d80ec7ce1b7e22d av-styling- avia-align-center  avia-builder-el-9  avia-builder-el-no-sibling '   itemprop=\"image\" itemscope=\"itemscope\" itemtype=\"https:\/\/schema.org\/ImageObject\" ><div class=\"avia-image-container-inner\"><div class=\"avia-image-overlay-wrap\"><img decoding=\"async\" fetchpriority=\"high\" class='wp-image-1002 avia-img-lazy-loading-not-1002 avia_image ' src=\"https:\/\/www.mateuexport.com\/wp-content\/uploads\/2015\/02\/inst_f3.jpg\" alt='Exportaci\u00f3 de patates Mallorca' title='Exportaci\u00f3 de patates Mallorca'  height=\"193\" width=\"251\"  itemprop=\"thumbnailUrl\"  \/><\/div><\/div><\/div><\/div>\n<div  class='flex_column av-av_one_fifth-b51168870d26eac9084c0e2dc495efe0 av_one_fifth  avia-builder-el-10  el_after_av_one_fifth  el_before_av_one_fifth  flex_column_div  column-top-margin'     ><style type=\"text\/css\" data-created_by=\"avia_inline_auto\" id=\"style-css-av-av_image-6d6ca83594e996068a2e6006b9e9bdb6\">\n.avia-image-container.av-av_image-6d6ca83594e996068a2e6006b9e9bdb6 img.avia_image{\nbox-shadow:none;\n}\n.avia-image-container.av-av_image-6d6ca83594e996068a2e6006b9e9bdb6 .av-image-caption-overlay-center{\ncolor:#ffffff;\n}\n<\/style>\n<div  class='avia-image-container av-av_image-6d6ca83594e996068a2e6006b9e9bdb6 av-styling- avia-align-center  avia-builder-el-11  avia-builder-el-no-sibling '   itemprop=\"image\" itemscope=\"itemscope\" itemtype=\"https:\/\/schema.org\/ImageObject\" ><div class=\"avia-image-container-inner\"><div class=\"avia-image-overlay-wrap\"><img decoding=\"async\" fetchpriority=\"high\" class='wp-image-999 avia-img-lazy-loading-not-999 avia_image ' src=\"https:\/\/www.mateuexport.com\/wp-content\/uploads\/2015\/02\/inst_f4.jpg\" alt='Venda de patates a l&#039;engr\u00f2s Mallorca' title='Venda de patates a l&#039;engr\u00f2s Mallorca'  height=\"193\" width=\"251\"  itemprop=\"thumbnailUrl\"  \/><\/div><\/div><\/div><\/div>\n<div  class='flex_column av-av_one_fifth-b51168870d26eac9084c0e2dc495efe0 av_one_fifth  avia-builder-el-12  el_after_av_one_fifth  el_before_av_hr  flex_column_div  column-top-margin'     ><style type=\"text\/css\" data-created_by=\"avia_inline_auto\" id=\"style-css-av-av_image-b36aebcf67083f61ce3e0bc45054e8c3\">\n.avia-image-container.av-av_image-b36aebcf67083f61ce3e0bc45054e8c3 img.avia_image{\nbox-shadow:none;\n}\n.avia-image-container.av-av_image-b36aebcf67083f61ce3e0bc45054e8c3 .av-image-caption-overlay-center{\ncolor:#ffffff;\n}\n<\/style>\n<div  class='avia-image-container av-av_image-b36aebcf67083f61ce3e0bc45054e8c3 av-styling- avia-align-center  avia-builder-el-13  avia-builder-el-no-sibling '   itemprop=\"image\" itemscope=\"itemscope\" itemtype=\"https:\/\/schema.org\/ImageObject\" ><div class=\"avia-image-container-inner\"><div class=\"avia-image-overlay-wrap\"><img decoding=\"async\" fetchpriority=\"high\" class='wp-image-996 avia-img-lazy-loading-not-996 avia_image ' src=\"https:\/\/www.mateuexport.com\/wp-content\/uploads\/2015\/02\/inst_f5.jpg\" alt='Venda de patates a l&#039;engr\u00f2s Espanya' title='Venda de patates a l&#039;engr\u00f2s Espanya'  height=\"193\" width=\"251\"  itemprop=\"thumbnailUrl\"  \/><\/div><\/div><\/div><\/div>\n<div  class='hr av-av_hr-bad5bc90bcef2f12297bff634a297b07 hr-short  avia-builder-el-14  el_after_av_one_fifth  avia-builder-el-last  hr-center'><span class='hr-inner '><span class=\"hr-inner-style\"><\/span><\/span><\/div>\n","protected":false},"excerpt":{"rendered":"","protected":false},"author":1,"featured_media":0,"parent":0,"menu_order":0,"comment_status":"open","ping_status":"closed","template":"","meta":{"footnotes":""},"class_list":["post-566","page","type-page","status-publish","hentry"],"yoast_head":"<!-- This site is optimized with the Yoast SEO plugin v23.4 - https:\/\/yoast.com\/wordpress\/plugins\/seo\/ -->\n<title>Productors de Patates Sa Pobla, Mallorca | Patates per l&#039;exportaci\u00f3<\/title>\n<meta name=\"description\" content=\"Tecnologia avan\u00e7ada per conrear, produir, comercialitzar i exportar unes de les millors patates de Mallorca i Espanya. El nostre sistema de selecci\u00f3, tractament i empaquetat de patates ens permet portar del camp a la seva taula en nom\u00e9s 72 hores.\" \/>\n<meta name=\"robots\" content=\"index, follow, max-snippet:-1, max-image-preview:large, max-video-preview:-1\" \/>\n<link rel=\"canonical\" href=\"https:\/\/www.mateuexport.com\/ca\/instalacions-patates-sa-pobla-mallorca\/\" \/>\n<meta property=\"og:locale\" content=\"ca_ES\" \/>\n<meta property=\"og:type\" content=\"article\" \/>\n<meta property=\"og:title\" content=\"Productors de Patates Sa Pobla, Mallorca | Patates per l&#039;exportaci\u00f3\" \/>\n<meta property=\"og:description\" content=\"Tecnologia avan\u00e7ada per conrear, produir, comercialitzar i exportar unes de les millors patates de Mallorca i Espanya. El nostre sistema de selecci\u00f3, tractament i empaquetat de patates ens permet portar del camp a la seva taula en nom\u00e9s 72 hores.\" \/>\n<meta property=\"og:url\" content=\"https:\/\/www.mateuexport.com\/ca\/instalacions-patates-sa-pobla-mallorca\/\" \/>\n<meta property=\"og:site_name\" content=\"Mateu Export\" \/>\n<meta property=\"article:modified_time\" content=\"2015-06-10T14:12:51+00:00\" \/>\n<meta name=\"twitter:label1\" content=\"Est. reading time\" \/>\n\t<meta name=\"twitter:data1\" content=\"3 minutes\" \/>\n<script type=\"application\/ld+json\" class=\"yoast-schema-graph\">{\"@context\":\"https:\/\/schema.org\",\"@graph\":[{\"@type\":\"WebPage\",\"@id\":\"https:\/\/www.mateuexport.com\/ca\/instalacions-patates-sa-pobla-mallorca\/\",\"url\":\"https:\/\/www.mateuexport.com\/ca\/instalacions-patates-sa-pobla-mallorca\/\",\"name\":\"Productors de Patates Sa Pobla, Mallorca | Patates per l'exportaci\u00f3\",\"isPartOf\":{\"@id\":\"https:\/\/www.mateuexport.com\/#website\"},\"datePublished\":\"2015-02-27T10:10:31+00:00\",\"dateModified\":\"2015-06-10T14:12:51+00:00\",\"description\":\"Tecnologia avan\u00e7ada per conrear, produir, comercialitzar i exportar unes de les millors patates de Mallorca i Espanya. El nostre sistema de selecci\u00f3, tractament i empaquetat de patates ens permet portar del camp a la seva taula en nom\u00e9s 72 hores.\",\"breadcrumb\":{\"@id\":\"https:\/\/www.mateuexport.com\/ca\/instalacions-patates-sa-pobla-mallorca\/#breadcrumb\"},\"inLanguage\":\"ca-ES\",\"potentialAction\":[{\"@type\":\"ReadAction\",\"target\":[\"https:\/\/www.mateuexport.com\/ca\/instalacions-patates-sa-pobla-mallorca\/\"]}]},{\"@type\":\"BreadcrumbList\",\"@id\":\"https:\/\/www.mateuexport.com\/ca\/instalacions-patates-sa-pobla-mallorca\/#breadcrumb\",\"itemListElement\":[{\"@type\":\"ListItem\",\"position\":1,\"name\":\"Portada\",\"item\":\"https:\/\/www.mateuexport.com\/ca\/\"},{\"@type\":\"ListItem\",\"position\":2,\"name\":\"Instalaciones\"}]},{\"@type\":\"WebSite\",\"@id\":\"https:\/\/www.mateuexport.com\/#website\",\"url\":\"https:\/\/www.mateuexport.com\/\",\"name\":\"Mateu Export\",\"description\":\"News Potatoes From Mallorca\",\"publisher\":{\"@id\":\"https:\/\/www.mateuexport.com\/#organization\"},\"potentialAction\":[{\"@type\":\"SearchAction\",\"target\":{\"@type\":\"EntryPoint\",\"urlTemplate\":\"https:\/\/www.mateuexport.com\/?s={search_term_string}\"},\"query-input\":{\"@type\":\"PropertyValueSpecification\",\"valueRequired\":true,\"valueName\":\"search_term_string\"}}],\"inLanguage\":\"ca-ES\"},{\"@type\":\"Organization\",\"@id\":\"https:\/\/www.mateuexport.com\/#organization\",\"name\":\"Mateu Export\",\"url\":\"https:\/\/www.mateuexport.com\/\",\"logo\":{\"@type\":\"ImageObject\",\"inLanguage\":\"ca-ES\",\"@id\":\"https:\/\/www.mateuexport.com\/#\/schema\/logo\/image\/\",\"url\":\"https:\/\/www.mateuexport.com\/wp-content\/uploads\/2015\/09\/logo-mateuexport-300x89.gif\",\"contentUrl\":\"https:\/\/www.mateuexport.com\/wp-content\/uploads\/2015\/09\/logo-mateuexport-300x89.gif\",\"width\":300,\"height\":89,\"caption\":\"Mateu Export\"},\"image\":{\"@id\":\"https:\/\/www.mateuexport.com\/#\/schema\/logo\/image\/\"}}]}<\/script>\n<!-- \/ Yoast SEO plugin. -->","yoast_head_json":{"title":"Productors de Patates Sa Pobla, Mallorca | Patates per l'exportaci\u00f3","description":"Tecnologia avan\u00e7ada per conrear, produir, comercialitzar i exportar unes de les millors patates de Mallorca i Espanya. El nostre sistema de selecci\u00f3, tractament i empaquetat de patates ens permet portar del camp a la seva taula en nom\u00e9s 72 hores.","robots":{"index":"index","follow":"follow","max-snippet":"max-snippet:-1","max-image-preview":"max-image-preview:large","max-video-preview":"max-video-preview:-1"},"canonical":"https:\/\/www.mateuexport.com\/ca\/instalacions-patates-sa-pobla-mallorca\/","og_locale":"ca_ES","og_type":"article","og_title":"Productors de Patates Sa Pobla, Mallorca | Patates per l'exportaci\u00f3","og_description":"Tecnologia avan\u00e7ada per conrear, produir, comercialitzar i exportar unes de les millors patates de Mallorca i Espanya. El nostre sistema de selecci\u00f3, tractament i empaquetat de patates ens permet portar del camp a la seva taula en nom\u00e9s 72 hores.","og_url":"https:\/\/www.mateuexport.com\/ca\/instalacions-patates-sa-pobla-mallorca\/","og_site_name":"Mateu Export","article_modified_time":"2015-06-10T14:12:51+00:00","twitter_misc":{"Est. reading time":"3 minutes"},"schema":{"@context":"https:\/\/schema.org","@graph":[{"@type":"WebPage","@id":"https:\/\/www.mateuexport.com\/ca\/instalacions-patates-sa-pobla-mallorca\/","url":"https:\/\/www.mateuexport.com\/ca\/instalacions-patates-sa-pobla-mallorca\/","name":"Productors de Patates Sa Pobla, Mallorca | Patates per l'exportaci\u00f3","isPartOf":{"@id":"https:\/\/www.mateuexport.com\/#website"},"datePublished":"2015-02-27T10:10:31+00:00","dateModified":"2015-06-10T14:12:51+00:00","description":"Tecnologia avan\u00e7ada per conrear, produir, comercialitzar i exportar unes de les millors patates de Mallorca i Espanya. El nostre sistema de selecci\u00f3, tractament i empaquetat de patates ens permet portar del camp a la seva taula en nom\u00e9s 72 hores.","breadcrumb":{"@id":"https:\/\/www.mateuexport.com\/ca\/instalacions-patates-sa-pobla-mallorca\/#breadcrumb"},"inLanguage":"ca-ES","potentialAction":[{"@type":"ReadAction","target":["https:\/\/www.mateuexport.com\/ca\/instalacions-patates-sa-pobla-mallorca\/"]}]},{"@type":"BreadcrumbList","@id":"https:\/\/www.mateuexport.com\/ca\/instalacions-patates-sa-pobla-mallorca\/#breadcrumb","itemListElement":[{"@type":"ListItem","position":1,"name":"Portada","item":"https:\/\/www.mateuexport.com\/ca\/"},{"@type":"ListItem","position":2,"name":"Instalaciones"}]},{"@type":"WebSite","@id":"https:\/\/www.mateuexport.com\/#website","url":"https:\/\/www.mateuexport.com\/","name":"Mateu Export","description":"News Potatoes From Mallorca","publisher":{"@id":"https:\/\/www.mateuexport.com\/#organization"},"potentialAction":[{"@type":"SearchAction","target":{"@type":"EntryPoint","urlTemplate":"https:\/\/www.mateuexport.com\/?s={search_term_string}"},"query-input":{"@type":"PropertyValueSpecification","valueRequired":true,"valueName":"search_term_string"}}],"inLanguage":"ca-ES"},{"@type":"Organization","@id":"https:\/\/www.mateuexport.com\/#organization","name":"Mateu Export","url":"https:\/\/www.mateuexport.com\/","logo":{"@type":"ImageObject","inLanguage":"ca-ES","@id":"https:\/\/www.mateuexport.com\/#\/schema\/logo\/image\/","url":"https:\/\/www.mateuexport.com\/wp-content\/uploads\/2015\/09\/logo-mateuexport-300x89.gif","contentUrl":"https:\/\/www.mateuexport.com\/wp-content\/uploads\/2015\/09\/logo-mateuexport-300x89.gif","width":300,"height":89,"caption":"Mateu Export"},"image":{"@id":"https:\/\/www.mateuexport.com\/#\/schema\/logo\/image\/"}}]}},"_links":{"self":[{"href":"https:\/\/www.mateuexport.com\/ca\/wp-json\/wp\/v2\/pages\/566"}],"collection":[{"href":"https:\/\/www.mateuexport.com\/ca\/wp-json\/wp\/v2\/pages"}],"about":[{"href":"https:\/\/www.mateuexport.com\/ca\/wp-json\/wp\/v2\/types\/page"}],"author":[{"embeddable":true,"href":"https:\/\/www.mateuexport.com\/ca\/wp-json\/wp\/v2\/users\/1"}],"replies":[{"embeddable":true,"href":"https:\/\/www.mateuexport.com\/ca\/wp-json\/wp\/v2\/comments?post=566"}],"version-history":[{"count":3,"href":"https:\/\/www.mateuexport.com\/ca\/wp-json\/wp\/v2\/pages\/566\/revisions"}],"predecessor-version":[{"id":609,"href":"https:\/\/www.mateuexport.com\/ca\/wp-json\/wp\/v2\/pages\/566\/revisions\/609"}],"wp:attachment":[{"href":"https:\/\/www.mateuexport.com\/ca\/wp-json\/wp\/v2\/media?parent=566"}],"curies":[{"name":"wp","href":"https:\/\/api.w.org\/{rel}","templated":true}]}}