{"id":565,"date":"2015-02-27T10:10:31","date_gmt":"2015-02-27T10:10:31","guid":{"rendered":"http:\/\/www.mateuexport.com\/instalaciones-2\/"},"modified":"2015-06-12T16:37:24","modified_gmt":"2015-06-12T14:37:24","slug":"anlagen-kartoffeln-sa-pobla-mallorca","status":"publish","type":"page","link":"https:\/\/www.mateuexport.com\/de\/anlagen-kartoffeln-sa-pobla-mallorca\/","title":{"rendered":"Instalaciones"},"content":{"rendered":"\n<style type=\"text\/css\" data-created_by=\"avia_inline_auto\" id=\"style-css-av-av_section-4269c3c814f775fe0c3342136b73d7bd\">\n.avia-section.av-av_section-4269c3c814f775fe0c3342136b73d7bd{\nbackground-repeat:no-repeat;\nbackground-image:url(https:\/\/www.mateuexport.com\/wp-content\/uploads\/2015\/02\/instalaciones-bg.jpg);\nbackground-position:0% 0%;\nbackground-attachment:fixed;\n}\n<\/style>\n<div id='av_section_1'  class='avia-section av-av_section-4269c3c814f775fe0c3342136b73d7bd main_color avia-section-default avia-no-shadow  avia-builder-el-0  el_before_av_heading  avia-builder-el-first  avia-bg-style-fixed container_wrap sidebar_right'  data-section-bg-repeat='no-repeat'><div class='container av-section-cont-open' ><main  role=\"main\" itemprop=\"mainContentOfPage\"  class='template-page content  av-content-small alpha units'><div class='post-entry post-entry-type-page post-entry-565'><div class='entry-content-wrapper clearfix'><\/div><\/div><\/main><!-- close content main element --><\/div><\/div><div id='after_section_1'  class='main_color av_default_container_wrap container_wrap sidebar_right'  ><div class='container av-section-cont-open' ><div class='template-page content  av-content-small alpha units'><div class='post-entry post-entry-type-page post-entry-565'><div class='entry-content-wrapper clearfix'>\n\n<style type=\"text\/css\" data-created_by=\"avia_inline_auto\" id=\"style-css-av-av_heading-0cf3f11c4004c372c3c8fac4d356a8d4\">\n#top .av-special-heading.av-av_heading-0cf3f11c4004c372c3c8fac4d356a8d4{\npadding-bottom:0;\n}\nbody .av-special-heading.av-av_heading-0cf3f11c4004c372c3c8fac4d356a8d4 .av-special-heading-tag .heading-char{\nfont-size:25px;\n}\n.av-special-heading.av-av_heading-0cf3f11c4004c372c3c8fac4d356a8d4 .av-subheading{\nfont-size:15px;\n}\n<\/style>\n<div  class='av-special-heading av-av_heading-0cf3f11c4004c372c3c8fac4d356a8d4 av-special-heading-h2 blockquote modern-quote modern-centered  avia-builder-el-1  el_after_av_section  el_before_av_hr  avia-builder-el-first '><h2 class='av-special-heading-tag '  itemprop=\"headline\"  >Die Ausstattung der Mateu Export<\/h2><div class=\"special-heading-border\"><div class=\"special-heading-inner-border\"><\/div><\/div><\/div>\n<div  class='hr av-av_hr-bad5bc90bcef2f12297bff634a297b07 hr-short  avia-builder-el-2  el_after_av_heading  el_before_av_textblock  hr-center'><span class='hr-inner '><span class=\"hr-inner-style\"><\/span><\/span><\/div>\n<section  class='av_textblock_section av-av_textblock-0366cc7376be6c9e82a3e9cc8987b64f '   itemscope=\"itemscope\" itemtype=\"https:\/\/schema.org\/CreativeWork\" ><div class='avia_textblock'  itemprop=\"text\" ><p style=\"text-align: center;\">Unsere Anlagen sind mit den modernsten Sieb, Sortier- und Verpackungssystemen versehen, die unter Mitwirkung der wichtigsten europ\u00e4ischen Firmen wie D.T. Dijkstra B.V. Newtec, Propack und Verbruggen installiert wurden.<\/p>\n<p style=\"text-align: center;\">Die Kartoffelsortiermaschienen verhindern den mechanischen Schaden beim Sortieren der Kartoffeln und erm\u00f6glichen das Sortieren in bis zu 5 Maben.<\/p>\n<p style=\"text-align: center;\">Die Kartoffeln werden anschliebend durch unsere erfahrenen Mitarbeiter verlesen.<\/p>\n<p style=\"text-align: center;\">Die Verpackung kann in big-bags oder in Papier oder Jutes\u00e4cken von 15, 20 oder 25 Kg erfolgen.<\/p>\n<p style=\"text-align: center;\">Die Wiegemaschinen besitzen eine hohe Gewichtsgenauigkeit und sind voll computerisiert, wodurch die Gewichtsqualit\u00e4t gew\u00e4hrleistet wird.<\/p>\n<p style=\"text-align: center;\">Wir verf\u00fcgen \u00fcber einen Palettierroboter, der die korrekte Palettierung und die Liefersicherheit gew\u00e4hrleistet.<\/p>\n<p style=\"text-align: center;\">Durch das ganze System erreichen wir eine Kapazit\u00e4t von 250 Tonnen pro Tag.<\/p>\n<\/div><\/section>\n<div  class='flex_column av-av_one_fifth-2a9015ff38129c418a3f2eafba3e9512 av_one_fifth  avia-builder-el-4  el_after_av_textblock  el_before_av_one_fifth  first flex_column_div  column-top-margin'     ><style type=\"text\/css\" data-created_by=\"avia_inline_auto\" id=\"style-css-av-av_image-fe7ae84e915bc497ef143fc87d82b22b\">\n.avia-image-container.av-av_image-fe7ae84e915bc497ef143fc87d82b22b img.avia_image{\nbox-shadow:none;\n}\n.avia-image-container.av-av_image-fe7ae84e915bc497ef143fc87d82b22b .av-image-caption-overlay-center{\ncolor:#ffffff;\n}\n<\/style>\n<div  class='avia-image-container av-av_image-fe7ae84e915bc497ef143fc87d82b22b av-styling- avia-align-center  avia-builder-el-5  avia-builder-el-no-sibling '   itemprop=\"image\" itemscope=\"itemscope\" itemtype=\"https:\/\/schema.org\/ImageObject\" ><div class=\"avia-image-container-inner\"><div class=\"avia-image-overlay-wrap\"><img decoding=\"async\" fetchpriority=\"high\" class='wp-image-992 avia-img-lazy-loading-not-992 avia_image ' src=\"https:\/\/www.mateuexport.com\/wp-content\/uploads\/2015\/02\/inst_f1.jpg\" alt='Exportunternehmen f\u00fcr Kartoffeln Spanien' title='Exportunternehmen f\u00fcr Kartoffeln Spanien'  height=\"193\" width=\"251\"  itemprop=\"thumbnailUrl\"  \/><\/div><\/div><\/div><\/div>\n<div  class='flex_column av-av_one_fifth-1c47c10d9dd6b9bc0b68f292c1cf5942 av_one_fifth  avia-builder-el-6  el_after_av_one_fifth  el_before_av_one_fifth  flex_column_div  column-top-margin'     ><style type=\"text\/css\" data-created_by=\"avia_inline_auto\" id=\"style-css-av-av_image-6dab80ad29c55773fc385bfc46a81fb7\">\n.avia-image-container.av-av_image-6dab80ad29c55773fc385bfc46a81fb7 img.avia_image{\nbox-shadow:none;\n}\n.avia-image-container.av-av_image-6dab80ad29c55773fc385bfc46a81fb7 .av-image-caption-overlay-center{\ncolor:#ffffff;\n}\n<\/style>\n<div  class='avia-image-container av-av_image-6dab80ad29c55773fc385bfc46a81fb7 av-styling- avia-align-center  avia-builder-el-7  avia-builder-el-no-sibling '   itemprop=\"image\" itemscope=\"itemscope\" itemtype=\"https:\/\/schema.org\/ImageObject\" ><div class=\"avia-image-container-inner\"><div class=\"avia-image-overlay-wrap\"><img decoding=\"async\" fetchpriority=\"high\" class='wp-image-1004 avia-img-lazy-loading-not-1004 avia_image ' src=\"https:\/\/www.mateuexport.com\/wp-content\/uploads\/2015\/02\/inst_f2.jpg\" alt='Kartoffelerzeuger Spanien' title='Kartoffelerzeuger Spanien'  height=\"193\" width=\"251\"  itemprop=\"thumbnailUrl\"  \/><\/div><\/div><\/div><\/div>\n<div  class='flex_column av-av_one_fifth-1c47c10d9dd6b9bc0b68f292c1cf5942 av_one_fifth  avia-builder-el-8  el_after_av_one_fifth  el_before_av_one_fifth  flex_column_div  column-top-margin'     ><style type=\"text\/css\" data-created_by=\"avia_inline_auto\" id=\"style-css-av-av_image-f7e1a9cede4982da0d80ec7ce1b7e22d\">\n.avia-image-container.av-av_image-f7e1a9cede4982da0d80ec7ce1b7e22d img.avia_image{\nbox-shadow:none;\n}\n.avia-image-container.av-av_image-f7e1a9cede4982da0d80ec7ce1b7e22d .av-image-caption-overlay-center{\ncolor:#ffffff;\n}\n<\/style>\n<div  class='avia-image-container av-av_image-f7e1a9cede4982da0d80ec7ce1b7e22d av-styling- avia-align-center  avia-builder-el-9  avia-builder-el-no-sibling '   itemprop=\"image\" itemscope=\"itemscope\" itemtype=\"https:\/\/schema.org\/ImageObject\" ><div class=\"avia-image-container-inner\"><div class=\"avia-image-overlay-wrap\"><img decoding=\"async\" fetchpriority=\"high\" class='wp-image-1001 avia-img-lazy-loading-not-1001 avia_image ' src=\"https:\/\/www.mateuexport.com\/wp-content\/uploads\/2015\/02\/inst_f3.jpg\" alt='Kartoffeln von Mallorca exportieren' title='Kartoffeln von Mallorca exportieren'  height=\"193\" width=\"251\"  itemprop=\"thumbnailUrl\"  \/><\/div><\/div><\/div><\/div>\n<div  class='flex_column av-av_one_fifth-1c47c10d9dd6b9bc0b68f292c1cf5942 av_one_fifth  avia-builder-el-10  el_after_av_one_fifth  el_before_av_one_fifth  flex_column_div  column-top-margin'     ><style type=\"text\/css\" data-created_by=\"avia_inline_auto\" id=\"style-css-av-av_image-6d6ca83594e996068a2e6006b9e9bdb6\">\n.avia-image-container.av-av_image-6d6ca83594e996068a2e6006b9e9bdb6 img.avia_image{\nbox-shadow:none;\n}\n.avia-image-container.av-av_image-6d6ca83594e996068a2e6006b9e9bdb6 .av-image-caption-overlay-center{\ncolor:#ffffff;\n}\n<\/style>\n<div  class='avia-image-container av-av_image-6d6ca83594e996068a2e6006b9e9bdb6 av-styling- avia-align-center  avia-builder-el-11  avia-builder-el-no-sibling '   itemprop=\"image\" itemscope=\"itemscope\" itemtype=\"https:\/\/schema.org\/ImageObject\" ><div class=\"avia-image-container-inner\"><div class=\"avia-image-overlay-wrap\"><img decoding=\"async\" fetchpriority=\"high\" class='wp-image-998 avia-img-lazy-loading-not-998 avia_image ' src=\"https:\/\/www.mateuexport.com\/wp-content\/uploads\/2015\/02\/inst_f4.jpg\" alt='Kartoffeln von Spanien exportieren' title='Kartoffeln von Spanien exportieren'  height=\"193\" width=\"251\"  itemprop=\"thumbnailUrl\"  \/><\/div><\/div><\/div><\/div>\n<div  class='flex_column av-av_one_fifth-1c47c10d9dd6b9bc0b68f292c1cf5942 av_one_fifth  avia-builder-el-12  el_after_av_one_fifth  el_before_av_hr  flex_column_div  column-top-margin'     ><style type=\"text\/css\" data-created_by=\"avia_inline_auto\" id=\"style-css-av-av_image-b36aebcf67083f61ce3e0bc45054e8c3\">\n.avia-image-container.av-av_image-b36aebcf67083f61ce3e0bc45054e8c3 img.avia_image{\nbox-shadow:none;\n}\n.avia-image-container.av-av_image-b36aebcf67083f61ce3e0bc45054e8c3 .av-image-caption-overlay-center{\ncolor:#ffffff;\n}\n<\/style>\n<div  class='avia-image-container av-av_image-b36aebcf67083f61ce3e0bc45054e8c3 av-styling- avia-align-center  avia-builder-el-13  avia-builder-el-no-sibling '   itemprop=\"image\" itemscope=\"itemscope\" itemtype=\"https:\/\/schema.org\/ImageObject\" ><div class=\"avia-image-container-inner\"><div class=\"avia-image-overlay-wrap\"><img decoding=\"async\" fetchpriority=\"high\" class='wp-image-995 avia-img-lazy-loading-not-995 avia_image ' src=\"https:\/\/www.mateuexport.com\/wp-content\/uploads\/2015\/02\/inst_f5.jpg\" alt='Kartoffeln kaufen Gro\u00dfhandel Mallorca' title='Kartoffeln kaufen Gro\u00dfhandel Mallorca'  height=\"193\" width=\"251\"  itemprop=\"thumbnailUrl\"  \/><\/div><\/div><\/div><\/div>\n<div  class='hr av-av_hr-bad5bc90bcef2f12297bff634a297b07 hr-short  avia-builder-el-14  el_after_av_one_fifth  avia-builder-el-last  hr-center'><span class='hr-inner '><span class=\"hr-inner-style\"><\/span><\/span><\/div>\n","protected":false},"excerpt":{"rendered":"","protected":false},"author":1,"featured_media":0,"parent":0,"menu_order":0,"comment_status":"open","ping_status":"closed","template":"","meta":{"footnotes":""},"class_list":["post-565","page","type-page","status-publish","hentry"],"yoast_head":"<!-- This site is optimized with the Yoast SEO plugin v23.4 - https:\/\/yoast.com\/wordpress\/plugins\/seo\/ -->\n<title>Erzeuger von Kartoffeln Sa Pobla, Mallorca | Kartoffeln f\u00fcr den Export<\/title>\n<meta name=\"description\" content=\"Modernste Technologie und Anlagen f\u00fcr den Anbau, Produktion, Vermarktung und Export einer der besten Kartoffelsorten von Mallorca und Spanien. Unser System zur Sortierung, Behandlunt und Verpackung der Kartoffeln erm\u00f6glicht es uns die Kartoffeln innerhalb von nur 72 Stunden vom Feld auf Ihren Tisch zu bringen.\" \/>\n<meta name=\"robots\" content=\"index, follow, max-snippet:-1, max-image-preview:large, max-video-preview:-1\" \/>\n<link rel=\"canonical\" href=\"https:\/\/www.mateuexport.com\/de\/anlagen-kartoffeln-sa-pobla-mallorca\/\" \/>\n<meta property=\"og:locale\" content=\"de_DE\" \/>\n<meta property=\"og:type\" content=\"article\" \/>\n<meta property=\"og:title\" content=\"Erzeuger von Kartoffeln Sa Pobla, Mallorca | Kartoffeln f\u00fcr den Export\" \/>\n<meta property=\"og:description\" content=\"Modernste Technologie und Anlagen f\u00fcr den Anbau, Produktion, Vermarktung und Export einer der besten Kartoffelsorten von Mallorca und Spanien. Unser System zur Sortierung, Behandlunt und Verpackung der Kartoffeln erm\u00f6glicht es uns die Kartoffeln innerhalb von nur 72 Stunden vom Feld auf Ihren Tisch zu bringen.\" \/>\n<meta property=\"og:url\" content=\"https:\/\/www.mateuexport.com\/de\/anlagen-kartoffeln-sa-pobla-mallorca\/\" \/>\n<meta property=\"og:site_name\" content=\"Mateu Export\" \/>\n<meta property=\"article:modified_time\" content=\"2015-06-12T14:37:24+00:00\" \/>\n<meta name=\"twitter:label1\" content=\"Gesch\u00e4tzte Lesezeit\" \/>\n\t<meta name=\"twitter:data1\" content=\"3\u00a0Minuten\" \/>\n<script type=\"application\/ld+json\" class=\"yoast-schema-graph\">{\"@context\":\"https:\/\/schema.org\",\"@graph\":[{\"@type\":\"WebPage\",\"@id\":\"https:\/\/www.mateuexport.com\/de\/anlagen-kartoffeln-sa-pobla-mallorca\/\",\"url\":\"https:\/\/www.mateuexport.com\/de\/anlagen-kartoffeln-sa-pobla-mallorca\/\",\"name\":\"Erzeuger von Kartoffeln Sa Pobla, Mallorca | Kartoffeln f\u00fcr den Export\",\"isPartOf\":{\"@id\":\"https:\/\/www.mateuexport.com\/#website\"},\"datePublished\":\"2015-02-27T10:10:31+00:00\",\"dateModified\":\"2015-06-12T14:37:24+00:00\",\"description\":\"Modernste Technologie und Anlagen f\u00fcr den Anbau, Produktion, Vermarktung und Export einer der besten Kartoffelsorten von Mallorca und Spanien. Unser System zur Sortierung, Behandlunt und Verpackung der Kartoffeln erm\u00f6glicht es uns die Kartoffeln innerhalb von nur 72 Stunden vom Feld auf Ihren Tisch zu bringen.\",\"breadcrumb\":{\"@id\":\"https:\/\/www.mateuexport.com\/de\/anlagen-kartoffeln-sa-pobla-mallorca\/#breadcrumb\"},\"inLanguage\":\"de\",\"potentialAction\":[{\"@type\":\"ReadAction\",\"target\":[\"https:\/\/www.mateuexport.com\/de\/anlagen-kartoffeln-sa-pobla-mallorca\/\"]}]},{\"@type\":\"BreadcrumbList\",\"@id\":\"https:\/\/www.mateuexport.com\/de\/anlagen-kartoffeln-sa-pobla-mallorca\/#breadcrumb\",\"itemListElement\":[{\"@type\":\"ListItem\",\"position\":1,\"name\":\"Portada\",\"item\":\"https:\/\/www.mateuexport.com\/de\/\"},{\"@type\":\"ListItem\",\"position\":2,\"name\":\"Instalaciones\"}]},{\"@type\":\"WebSite\",\"@id\":\"https:\/\/www.mateuexport.com\/#website\",\"url\":\"https:\/\/www.mateuexport.com\/\",\"name\":\"Mateu Export\",\"description\":\"News Potatoes From Mallorca\",\"publisher\":{\"@id\":\"https:\/\/www.mateuexport.com\/#organization\"},\"potentialAction\":[{\"@type\":\"SearchAction\",\"target\":{\"@type\":\"EntryPoint\",\"urlTemplate\":\"https:\/\/www.mateuexport.com\/?s={search_term_string}\"},\"query-input\":{\"@type\":\"PropertyValueSpecification\",\"valueRequired\":true,\"valueName\":\"search_term_string\"}}],\"inLanguage\":\"de\"},{\"@type\":\"Organization\",\"@id\":\"https:\/\/www.mateuexport.com\/#organization\",\"name\":\"Mateu Export\",\"url\":\"https:\/\/www.mateuexport.com\/\",\"logo\":{\"@type\":\"ImageObject\",\"inLanguage\":\"de\",\"@id\":\"https:\/\/www.mateuexport.com\/#\/schema\/logo\/image\/\",\"url\":\"https:\/\/www.mateuexport.com\/wp-content\/uploads\/2015\/09\/logo-mateuexport-300x89.gif\",\"contentUrl\":\"https:\/\/www.mateuexport.com\/wp-content\/uploads\/2015\/09\/logo-mateuexport-300x89.gif\",\"width\":300,\"height\":89,\"caption\":\"Mateu Export\"},\"image\":{\"@id\":\"https:\/\/www.mateuexport.com\/#\/schema\/logo\/image\/\"}}]}<\/script>\n<!-- \/ Yoast SEO plugin. -->","yoast_head_json":{"title":"Erzeuger von Kartoffeln Sa Pobla, Mallorca | Kartoffeln f\u00fcr den Export","description":"Modernste Technologie und Anlagen f\u00fcr den Anbau, Produktion, Vermarktung und Export einer der besten Kartoffelsorten von Mallorca und Spanien. Unser System zur Sortierung, Behandlunt und Verpackung der Kartoffeln erm\u00f6glicht es uns die Kartoffeln innerhalb von nur 72 Stunden vom Feld auf Ihren Tisch zu bringen.","robots":{"index":"index","follow":"follow","max-snippet":"max-snippet:-1","max-image-preview":"max-image-preview:large","max-video-preview":"max-video-preview:-1"},"canonical":"https:\/\/www.mateuexport.com\/de\/anlagen-kartoffeln-sa-pobla-mallorca\/","og_locale":"de_DE","og_type":"article","og_title":"Erzeuger von Kartoffeln Sa Pobla, Mallorca | Kartoffeln f\u00fcr den Export","og_description":"Modernste Technologie und Anlagen f\u00fcr den Anbau, Produktion, Vermarktung und Export einer der besten Kartoffelsorten von Mallorca und Spanien. Unser System zur Sortierung, Behandlunt und Verpackung der Kartoffeln erm\u00f6glicht es uns die Kartoffeln innerhalb von nur 72 Stunden vom Feld auf Ihren Tisch zu bringen.","og_url":"https:\/\/www.mateuexport.com\/de\/anlagen-kartoffeln-sa-pobla-mallorca\/","og_site_name":"Mateu Export","article_modified_time":"2015-06-12T14:37:24+00:00","twitter_misc":{"Gesch\u00e4tzte Lesezeit":"3\u00a0Minuten"},"schema":{"@context":"https:\/\/schema.org","@graph":[{"@type":"WebPage","@id":"https:\/\/www.mateuexport.com\/de\/anlagen-kartoffeln-sa-pobla-mallorca\/","url":"https:\/\/www.mateuexport.com\/de\/anlagen-kartoffeln-sa-pobla-mallorca\/","name":"Erzeuger von Kartoffeln Sa Pobla, Mallorca | Kartoffeln f\u00fcr den Export","isPartOf":{"@id":"https:\/\/www.mateuexport.com\/#website"},"datePublished":"2015-02-27T10:10:31+00:00","dateModified":"2015-06-12T14:37:24+00:00","description":"Modernste Technologie und Anlagen f\u00fcr den Anbau, Produktion, Vermarktung und Export einer der besten Kartoffelsorten von Mallorca und Spanien. Unser System zur Sortierung, Behandlunt und Verpackung der Kartoffeln erm\u00f6glicht es uns die Kartoffeln innerhalb von nur 72 Stunden vom Feld auf Ihren Tisch zu bringen.","breadcrumb":{"@id":"https:\/\/www.mateuexport.com\/de\/anlagen-kartoffeln-sa-pobla-mallorca\/#breadcrumb"},"inLanguage":"de","potentialAction":[{"@type":"ReadAction","target":["https:\/\/www.mateuexport.com\/de\/anlagen-kartoffeln-sa-pobla-mallorca\/"]}]},{"@type":"BreadcrumbList","@id":"https:\/\/www.mateuexport.com\/de\/anlagen-kartoffeln-sa-pobla-mallorca\/#breadcrumb","itemListElement":[{"@type":"ListItem","position":1,"name":"Portada","item":"https:\/\/www.mateuexport.com\/de\/"},{"@type":"ListItem","position":2,"name":"Instalaciones"}]},{"@type":"WebSite","@id":"https:\/\/www.mateuexport.com\/#website","url":"https:\/\/www.mateuexport.com\/","name":"Mateu Export","description":"News Potatoes From Mallorca","publisher":{"@id":"https:\/\/www.mateuexport.com\/#organization"},"potentialAction":[{"@type":"SearchAction","target":{"@type":"EntryPoint","urlTemplate":"https:\/\/www.mateuexport.com\/?s={search_term_string}"},"query-input":{"@type":"PropertyValueSpecification","valueRequired":true,"valueName":"search_term_string"}}],"inLanguage":"de"},{"@type":"Organization","@id":"https:\/\/www.mateuexport.com\/#organization","name":"Mateu Export","url":"https:\/\/www.mateuexport.com\/","logo":{"@type":"ImageObject","inLanguage":"de","@id":"https:\/\/www.mateuexport.com\/#\/schema\/logo\/image\/","url":"https:\/\/www.mateuexport.com\/wp-content\/uploads\/2015\/09\/logo-mateuexport-300x89.gif","contentUrl":"https:\/\/www.mateuexport.com\/wp-content\/uploads\/2015\/09\/logo-mateuexport-300x89.gif","width":300,"height":89,"caption":"Mateu Export"},"image":{"@id":"https:\/\/www.mateuexport.com\/#\/schema\/logo\/image\/"}}]}},"_links":{"self":[{"href":"https:\/\/www.mateuexport.com\/de\/wp-json\/wp\/v2\/pages\/565"}],"collection":[{"href":"https:\/\/www.mateuexport.com\/de\/wp-json\/wp\/v2\/pages"}],"about":[{"href":"https:\/\/www.mateuexport.com\/de\/wp-json\/wp\/v2\/types\/page"}],"author":[{"embeddable":true,"href":"https:\/\/www.mateuexport.com\/de\/wp-json\/wp\/v2\/users\/1"}],"replies":[{"embeddable":true,"href":"https:\/\/www.mateuexport.com\/de\/wp-json\/wp\/v2\/comments?post=565"}],"version-history":[{"count":3,"href":"https:\/\/www.mateuexport.com\/de\/wp-json\/wp\/v2\/pages\/565\/revisions"}],"predecessor-version":[{"id":608,"href":"https:\/\/www.mateuexport.com\/de\/wp-json\/wp\/v2\/pages\/565\/revisions\/608"}],"wp:attachment":[{"href":"https:\/\/www.mateuexport.com\/de\/wp-json\/wp\/v2\/media?parent=565"}],"curies":[{"name":"wp","href":"https:\/\/api.w.org\/{rel}","templated":true}]}}