{"id":567,"date":"2015-02-27T08:08:01","date_gmt":"2015-02-27T08:08:01","guid":{"rendered":"http:\/\/www.mateuexport.com\/servicios-2\/"},"modified":"2015-06-12T16:29:07","modified_gmt":"2015-06-12T14:29:07","slug":"exportunternehmen-kartoffeln-mallorca-spanien","status":"publish","type":"page","link":"https:\/\/www.mateuexport.com\/de\/exportunternehmen-kartoffeln-mallorca-spanien\/","title":{"rendered":"Servicios"},"content":{"rendered":"\n<style type=\"text\/css\" data-created_by=\"avia_inline_auto\" id=\"style-css-av-av_section-b4d2e9d11df330956b5aa7048c010e4b\">\n.avia-section.av-av_section-b4d2e9d11df330956b5aa7048c010e4b{\nbackground-repeat:no-repeat;\nbackground-image:url(https:\/\/www.mateuexport.com\/wp-content\/uploads\/2015\/02\/servicios-bg.jpg);\nbackground-position:0% 0%;\nbackground-attachment:fixed;\n}\n<\/style>\n<div id='av_section_1'  class='avia-section av-av_section-b4d2e9d11df330956b5aa7048c010e4b main_color avia-section-default avia-no-shadow  avia-builder-el-0  el_before_av_heading  avia-builder-el-first  avia-bg-style-fixed container_wrap sidebar_right'  data-section-bg-repeat='no-repeat'><div class='container av-section-cont-open' ><main  role=\"main\" itemprop=\"mainContentOfPage\"  class='template-page content  av-content-small alpha units'><div class='post-entry post-entry-type-page post-entry-567'><div class='entry-content-wrapper clearfix'><\/div><\/div><\/main><!-- close content main element --><\/div><\/div><div id='after_section_1'  class='main_color av_default_container_wrap container_wrap sidebar_right'  ><div class='container av-section-cont-open' ><div class='template-page content  av-content-small alpha units'><div class='post-entry post-entry-type-page post-entry-567'><div class='entry-content-wrapper clearfix'>\n\n<style type=\"text\/css\" data-created_by=\"avia_inline_auto\" id=\"style-css-av-av_heading-b9365582cc513103b533c566c450c708\">\n#top .av-special-heading.av-av_heading-b9365582cc513103b533c566c450c708{\npadding-bottom:0;\n}\nbody .av-special-heading.av-av_heading-b9365582cc513103b533c566c450c708 .av-special-heading-tag .heading-char{\nfont-size:25px;\n}\n.av-special-heading.av-av_heading-b9365582cc513103b533c566c450c708 .av-subheading{\nfont-size:15px;\n}\n<\/style>\n<div  class='av-special-heading av-av_heading-b9365582cc513103b533c566c450c708 av-special-heading-h2 blockquote modern-quote modern-centered  avia-builder-el-1  el_after_av_section  el_before_av_hr  avia-builder-el-first '><h2 class='av-special-heading-tag '  itemprop=\"headline\"  >Die Dienstleistungen der Mateu Export<\/h2><div class=\"special-heading-border\"><div class=\"special-heading-inner-border\"><\/div><\/div><\/div>\n<div  class='hr av-av_hr-bad5bc90bcef2f12297bff634a297b07 hr-short  avia-builder-el-2  el_after_av_heading  el_before_av_image  hr-center'><span class='hr-inner '><span class=\"hr-inner-style\"><\/span><\/span><\/div>\n\n<style type=\"text\/css\" data-created_by=\"avia_inline_auto\" id=\"style-css-av-av_image-d2384658952150bd0ca4614f8f09ed4f\">\n.avia-image-container.av-av_image-d2384658952150bd0ca4614f8f09ed4f img.avia_image{\nbox-shadow:none;\n}\n.avia-image-container.av-av_image-d2384658952150bd0ca4614f8f09ed4f .av-image-caption-overlay-center{\ncolor:#ffffff;\n}\n<\/style>\n<div  class='avia-image-container av-av_image-d2384658952150bd0ca4614f8f09ed4f av-styling- av-img-linked avia-align-center  avia-builder-el-3  el_after_av_hr  el_before_av_textblock '   itemprop=\"image\" itemscope=\"itemscope\" itemtype=\"https:\/\/schema.org\/ImageObject\" ><div class=\"avia-image-container-inner\"><div class=\"avia-image-overlay-wrap\"><a href=\"https:\/\/www.meijer-potato.com\/\" class='avia_image ' target=\"_blank\" rel=\"noopener noreferrer\" aria-label='logo-meijer'><img decoding=\"async\" fetchpriority=\"high\" class='wp-image-986 avia-img-lazy-loading-not-986 avia_image ' src=\"https:\/\/www.mateuexport.com\/wp-content\/uploads\/2015\/02\/logo-meijer.gif\" alt='' title='logo-meijer'  height=\"50\" width=\"195\"  itemprop=\"thumbnailUrl\"  \/><\/a><\/div><\/div><\/div>\n<section  class='av_textblock_section av-av_textblock-0366cc7376be6c9e82a3e9cc8987b64f '   itemscope=\"itemscope\" itemtype=\"https:\/\/schema.org\/CreativeWork\" ><div class='avia_textblock'  itemprop=\"text\" ><p style=\"text-align: center;\"><a href=\"https:\/\/www.meijer-potato.com\/\" target=\"_blank\" rel=\"noopener\">www.meijer-potato.com<\/a><\/p>\n<\/div><\/section>\n\n<style type=\"text\/css\" data-created_by=\"avia_inline_auto\" id=\"style-css-av-av_heading-3af24b7c30c6b9b685917b48265036bc\">\n#top .av-special-heading.av-av_heading-3af24b7c30c6b9b685917b48265036bc{\npadding-bottom:10px;\n}\nbody .av-special-heading.av-av_heading-3af24b7c30c6b9b685917b48265036bc .av-special-heading-tag .heading-char{\nfont-size:25px;\n}\n.av-special-heading.av-av_heading-3af24b7c30c6b9b685917b48265036bc .av-subheading{\nfont-size:15px;\n}\n<\/style>\n<div  class='av-special-heading av-av_heading-3af24b7c30c6b9b685917b48265036bc av-special-heading-h3  avia-builder-el-5  el_after_av_textblock  el_before_av_three_fourth '><h3 class='av-special-heading-tag '  itemprop=\"headline\"  >CUSTOMER COMPLAINT REPORT<\/h3><div class=\"special-heading-border\"><div class=\"special-heading-inner-border\"><\/div><\/div><\/div>\n<div  class='flex_column av-av_three_fourth-2a9015ff38129c418a3f2eafba3e9512 av_three_fourth  avia-builder-el-6  el_after_av_heading  el_before_av_one_fourth  first flex_column_div  '     ><form action=\"https:\/\/www.mateuexport.com\/de\/exportunternehmen-kartoffeln-mallorca-spanien\/\" method=\"post\" data-fields-with-error=\"Fehler wurden in folgenden Feld(ern) gefunden:\" class=\"avia_ajax_form av-form-labels-visible   avia-builder-el-7  avia-builder-el-no-sibling   \" data-avia-form-id=\"1\" data-avia-redirect='' ><fieldset><p class='  first_form  form_element form_element_fourth' id='element_avia_1_1'><label for=\"avia_1_1\">Empresa <abbr class=\"required\" title=\"ben\u00f6tigt\">*<\/abbr><\/label> <input name=\"avia_1_1\" class=\"text_input is_empty\" type=\"text\" id=\"avia_1_1\" value=\"\" \/><\/p><p class='  form_element form_element_fourth' id='element_avia_2_1'><label for=\"avia_2_1\">Nombre <abbr class=\"required\" title=\"ben\u00f6tigt\">*<\/abbr><\/label> <input name=\"avia_2_1\" class=\"text_input is_empty\" type=\"text\" id=\"avia_2_1\" value=\"\" \/><\/p><p class='  form_element form_element_fourth' id='element_avia_3_1'><label for=\"avia_3_1\">Fecha<\/label> <input name=\"avia_3_1\" class=\"avia_datepicker text_input \" type=\"text\" id=\"avia_3_1\" value=\"\" placeholder=\"DD \/ MM \/ YY\" inputmode=\"none\" \/><\/p><p class='  form_element form_element_fourth' id='element_avia_4_1'><label for=\"avia_4_1\">N\u00famero de referencia<\/label> <input name=\"avia_4_1\" class=\"text_input \" type=\"text\" id=\"avia_4_1\" value=\"\" \/><\/p><p class='  first_form  form_element form_element_fourth' id='element_avia_5_1'><label for=\"avia_5_1\">Variedad <abbr class=\"required\" title=\"ben\u00f6tigt\">*<\/abbr><\/label> <input name=\"avia_5_1\" class=\"text_input is_empty\" type=\"text\" id=\"avia_5_1\" value=\"\" \/><\/p><p class='  form_element form_element_fourth' id='element_avia_6_1'><label for=\"avia_6_1\">Registro de cultivos <abbr class=\"required\" title=\"ben\u00f6tigt\">*<\/abbr><\/label> <input name=\"avia_6_1\" class=\"text_input is_empty\" type=\"text\" id=\"avia_6_1\" value=\"\" \/><\/p><p class='  form_element form_element_half' id='element_avia_7_1'><label for=\"avia_7_1\">Correo electr\u00f3nico<\/label> <input name=\"avia_7_1\" class=\"text_input \" type=\"text\" id=\"avia_7_1\" value=\"\" \/><\/p><p class='  first_form  form_element form_element_half' id='element_avia_8_1'><label for=\"avia_8_1\" class=\"textare_label hidden textare_label_avia_8_1\">Explicaci\u00f3n detallada de la queja <abbr class=\"required\" title=\"ben\u00f6tigt\">*<\/abbr><\/label><textarea  name=\"avia_8_1\" class=\"text_area is_empty\" cols=\"40\" rows=\"7\" id=\"avia_8_1\" ><\/textarea><\/p><p class='  form_element form_element_half av-last-visible-form-element' id='element_avia_9_1'><label for=\"avia_9_1\" class=\"textare_label hidden textare_label_avia_9_1\">Informaci\u00f3n adicional<\/label><textarea  name=\"avia_9_1\" class=\"text_area \" cols=\"40\" rows=\"7\" id=\"avia_9_1\" ><\/textarea><\/p><p class=\"hidden\"><input type=\"text\" name=\"avia_10_1\" class=\"hidden \" id=\"avia_10_1\" value=\"\" \/><\/p><p class=\"form_element \"><input type=\"hidden\" value=\"1\" name=\"avia_generated_form1\" \/><input type=\"submit\" value=\"Enviar\" class=\"button\"  data-sending-label=\"Sende\"\/><\/p><\/fieldset><\/form><div id=\"ajaxresponse_1\" class=\"ajaxresponse ajaxresponse_1 hidden\"><\/div><\/div>\n<div  class='flex_column av-av_one_fourth-1c47c10d9dd6b9bc0b68f292c1cf5942 av_one_fourth  avia-builder-el-8  el_after_av_three_fourth  avia-builder-el-last  flex_column_div  '     ><style type=\"text\/css\" data-created_by=\"avia_inline_auto\" id=\"style-css-av-av_image-4b771c51b0179aeb9206dcaccd10218d\">\n.avia-image-container.av-av_image-4b771c51b0179aeb9206dcaccd10218d img.avia_image{\nbox-shadow:none;\n}\n.avia-image-container.av-av_image-4b771c51b0179aeb9206dcaccd10218d .av-image-caption-overlay-center{\ncolor:#ffffff;\n}\n<\/style>\n<div  class='avia-image-container av-av_image-4b771c51b0179aeb9206dcaccd10218d av-styling-no-styling avia_animated_image av-animated-when-visible-95 right-to-left avia-align-center  avia-builder-el-9  avia-builder-el-no-sibling '   itemprop=\"image\" itemscope=\"itemscope\" itemtype=\"https:\/\/schema.org\/ImageObject\" ><div class=\"avia-image-container-inner\"><div class=\"avia-image-overlay-wrap\"><img decoding=\"async\" fetchpriority=\"high\" class='wp-image-962 avia-img-lazy-loading-not-962 avia_image ' src=\"https:\/\/www.mateuexport.com\/wp-content\/uploads\/2015\/02\/formulario-customer.png\" alt='Kartoffelverkauf Gro\u00dfhandel in Spanien' title='Kartoffelverkauf Gro\u00dfhandel in Spanien'  height=\"416\" width=\"295\"  itemprop=\"thumbnailUrl\" srcset=\"https:\/\/www.mateuexport.com\/wp-content\/uploads\/2015\/02\/formulario-customer.png 295w, https:\/\/www.mateuexport.com\/wp-content\/uploads\/2015\/02\/formulario-customer-213x300.png 213w\" sizes=\"(max-width: 295px) 100vw, 295px\" \/><\/div><\/div><\/div><\/div>\n","protected":false},"excerpt":{"rendered":"","protected":false},"author":1,"featured_media":0,"parent":0,"menu_order":0,"comment_status":"open","ping_status":"closed","template":"","meta":{"footnotes":""},"class_list":["post-567","page","type-page","status-publish","hentry"],"yoast_head":"<!-- This site is optimized with the Yoast SEO plugin v23.4 - https:\/\/yoast.com\/wordpress\/plugins\/seo\/ -->\n<title>Mateu Export | Erzeuger von Kartoffeln f\u00fcr den Export und Verkauf<\/title>\n<meta name=\"description\" content=\"Mateu Export ist einer der gr\u00f6\u00dften Erzeuger und Exporth\u00e4ndler der bekannten Kartoffeln aus Sa Pobla auf Mallorca. Kontaktieren Sie uns gern f\u00fcr jegliche Angelegenheit.\" \/>\n<meta name=\"robots\" content=\"index, follow, max-snippet:-1, max-image-preview:large, max-video-preview:-1\" \/>\n<link rel=\"canonical\" href=\"https:\/\/www.mateuexport.com\/de\/exportunternehmen-kartoffeln-mallorca-spanien\/\" \/>\n<meta property=\"og:locale\" content=\"de_DE\" \/>\n<meta property=\"og:type\" content=\"article\" \/>\n<meta property=\"og:title\" content=\"Mateu Export | Erzeuger von Kartoffeln f\u00fcr den Export und Verkauf\" \/>\n<meta property=\"og:description\" content=\"Mateu Export ist einer der gr\u00f6\u00dften Erzeuger und Exporth\u00e4ndler der bekannten Kartoffeln aus Sa Pobla auf Mallorca. Kontaktieren Sie uns gern f\u00fcr jegliche Angelegenheit.\" \/>\n<meta property=\"og:url\" content=\"https:\/\/www.mateuexport.com\/de\/exportunternehmen-kartoffeln-mallorca-spanien\/\" \/>\n<meta property=\"og:site_name\" content=\"Mateu Export\" \/>\n<meta property=\"article:modified_time\" content=\"2015-06-12T14:29:07+00:00\" \/>\n<meta name=\"twitter:label1\" content=\"Gesch\u00e4tzte Lesezeit\" \/>\n\t<meta name=\"twitter:data1\" content=\"2\u00a0Minuten\" \/>\n<script type=\"application\/ld+json\" class=\"yoast-schema-graph\">{\"@context\":\"https:\/\/schema.org\",\"@graph\":[{\"@type\":\"WebPage\",\"@id\":\"https:\/\/www.mateuexport.com\/de\/exportunternehmen-kartoffeln-mallorca-spanien\/\",\"url\":\"https:\/\/www.mateuexport.com\/de\/exportunternehmen-kartoffeln-mallorca-spanien\/\",\"name\":\"Mateu Export | Erzeuger von Kartoffeln f\u00fcr den Export und Verkauf\",\"isPartOf\":{\"@id\":\"https:\/\/www.mateuexport.com\/#website\"},\"datePublished\":\"2015-02-27T08:08:01+00:00\",\"dateModified\":\"2015-06-12T14:29:07+00:00\",\"description\":\"Mateu Export ist einer der gr\u00f6\u00dften Erzeuger und Exporth\u00e4ndler der bekannten Kartoffeln aus Sa Pobla auf Mallorca. Kontaktieren Sie uns gern f\u00fcr jegliche Angelegenheit.\",\"breadcrumb\":{\"@id\":\"https:\/\/www.mateuexport.com\/de\/exportunternehmen-kartoffeln-mallorca-spanien\/#breadcrumb\"},\"inLanguage\":\"de\",\"potentialAction\":[{\"@type\":\"ReadAction\",\"target\":[\"https:\/\/www.mateuexport.com\/de\/exportunternehmen-kartoffeln-mallorca-spanien\/\"]}]},{\"@type\":\"BreadcrumbList\",\"@id\":\"https:\/\/www.mateuexport.com\/de\/exportunternehmen-kartoffeln-mallorca-spanien\/#breadcrumb\",\"itemListElement\":[{\"@type\":\"ListItem\",\"position\":1,\"name\":\"Portada\",\"item\":\"https:\/\/www.mateuexport.com\/de\/\"},{\"@type\":\"ListItem\",\"position\":2,\"name\":\"Servicios\"}]},{\"@type\":\"WebSite\",\"@id\":\"https:\/\/www.mateuexport.com\/#website\",\"url\":\"https:\/\/www.mateuexport.com\/\",\"name\":\"Mateu Export\",\"description\":\"News Potatoes From Mallorca\",\"publisher\":{\"@id\":\"https:\/\/www.mateuexport.com\/#organization\"},\"potentialAction\":[{\"@type\":\"SearchAction\",\"target\":{\"@type\":\"EntryPoint\",\"urlTemplate\":\"https:\/\/www.mateuexport.com\/?s={search_term_string}\"},\"query-input\":{\"@type\":\"PropertyValueSpecification\",\"valueRequired\":true,\"valueName\":\"search_term_string\"}}],\"inLanguage\":\"de\"},{\"@type\":\"Organization\",\"@id\":\"https:\/\/www.mateuexport.com\/#organization\",\"name\":\"Mateu Export\",\"url\":\"https:\/\/www.mateuexport.com\/\",\"logo\":{\"@type\":\"ImageObject\",\"inLanguage\":\"de\",\"@id\":\"https:\/\/www.mateuexport.com\/#\/schema\/logo\/image\/\",\"url\":\"https:\/\/www.mateuexport.com\/wp-content\/uploads\/2015\/09\/logo-mateuexport-300x89.gif\",\"contentUrl\":\"https:\/\/www.mateuexport.com\/wp-content\/uploads\/2015\/09\/logo-mateuexport-300x89.gif\",\"width\":300,\"height\":89,\"caption\":\"Mateu Export\"},\"image\":{\"@id\":\"https:\/\/www.mateuexport.com\/#\/schema\/logo\/image\/\"}}]}<\/script>\n<!-- \/ Yoast SEO plugin. -->","yoast_head_json":{"title":"Mateu Export | Erzeuger von Kartoffeln f\u00fcr den Export und Verkauf","description":"Mateu Export ist einer der gr\u00f6\u00dften Erzeuger und Exporth\u00e4ndler der bekannten Kartoffeln aus Sa Pobla auf Mallorca. Kontaktieren Sie uns gern f\u00fcr jegliche Angelegenheit.","robots":{"index":"index","follow":"follow","max-snippet":"max-snippet:-1","max-image-preview":"max-image-preview:large","max-video-preview":"max-video-preview:-1"},"canonical":"https:\/\/www.mateuexport.com\/de\/exportunternehmen-kartoffeln-mallorca-spanien\/","og_locale":"de_DE","og_type":"article","og_title":"Mateu Export | Erzeuger von Kartoffeln f\u00fcr den Export und Verkauf","og_description":"Mateu Export ist einer der gr\u00f6\u00dften Erzeuger und Exporth\u00e4ndler der bekannten Kartoffeln aus Sa Pobla auf Mallorca. Kontaktieren Sie uns gern f\u00fcr jegliche Angelegenheit.","og_url":"https:\/\/www.mateuexport.com\/de\/exportunternehmen-kartoffeln-mallorca-spanien\/","og_site_name":"Mateu Export","article_modified_time":"2015-06-12T14:29:07+00:00","twitter_misc":{"Gesch\u00e4tzte Lesezeit":"2\u00a0Minuten"},"schema":{"@context":"https:\/\/schema.org","@graph":[{"@type":"WebPage","@id":"https:\/\/www.mateuexport.com\/de\/exportunternehmen-kartoffeln-mallorca-spanien\/","url":"https:\/\/www.mateuexport.com\/de\/exportunternehmen-kartoffeln-mallorca-spanien\/","name":"Mateu Export | Erzeuger von Kartoffeln f\u00fcr den Export und Verkauf","isPartOf":{"@id":"https:\/\/www.mateuexport.com\/#website"},"datePublished":"2015-02-27T08:08:01+00:00","dateModified":"2015-06-12T14:29:07+00:00","description":"Mateu Export ist einer der gr\u00f6\u00dften Erzeuger und Exporth\u00e4ndler der bekannten Kartoffeln aus Sa Pobla auf Mallorca. Kontaktieren Sie uns gern f\u00fcr jegliche Angelegenheit.","breadcrumb":{"@id":"https:\/\/www.mateuexport.com\/de\/exportunternehmen-kartoffeln-mallorca-spanien\/#breadcrumb"},"inLanguage":"de","potentialAction":[{"@type":"ReadAction","target":["https:\/\/www.mateuexport.com\/de\/exportunternehmen-kartoffeln-mallorca-spanien\/"]}]},{"@type":"BreadcrumbList","@id":"https:\/\/www.mateuexport.com\/de\/exportunternehmen-kartoffeln-mallorca-spanien\/#breadcrumb","itemListElement":[{"@type":"ListItem","position":1,"name":"Portada","item":"https:\/\/www.mateuexport.com\/de\/"},{"@type":"ListItem","position":2,"name":"Servicios"}]},{"@type":"WebSite","@id":"https:\/\/www.mateuexport.com\/#website","url":"https:\/\/www.mateuexport.com\/","name":"Mateu Export","description":"News Potatoes From Mallorca","publisher":{"@id":"https:\/\/www.mateuexport.com\/#organization"},"potentialAction":[{"@type":"SearchAction","target":{"@type":"EntryPoint","urlTemplate":"https:\/\/www.mateuexport.com\/?s={search_term_string}"},"query-input":{"@type":"PropertyValueSpecification","valueRequired":true,"valueName":"search_term_string"}}],"inLanguage":"de"},{"@type":"Organization","@id":"https:\/\/www.mateuexport.com\/#organization","name":"Mateu Export","url":"https:\/\/www.mateuexport.com\/","logo":{"@type":"ImageObject","inLanguage":"de","@id":"https:\/\/www.mateuexport.com\/#\/schema\/logo\/image\/","url":"https:\/\/www.mateuexport.com\/wp-content\/uploads\/2015\/09\/logo-mateuexport-300x89.gif","contentUrl":"https:\/\/www.mateuexport.com\/wp-content\/uploads\/2015\/09\/logo-mateuexport-300x89.gif","width":300,"height":89,"caption":"Mateu Export"},"image":{"@id":"https:\/\/www.mateuexport.com\/#\/schema\/logo\/image\/"}}]}},"_links":{"self":[{"href":"https:\/\/www.mateuexport.com\/de\/wp-json\/wp\/v2\/pages\/567"}],"collection":[{"href":"https:\/\/www.mateuexport.com\/de\/wp-json\/wp\/v2\/pages"}],"about":[{"href":"https:\/\/www.mateuexport.com\/de\/wp-json\/wp\/v2\/types\/page"}],"author":[{"embeddable":true,"href":"https:\/\/www.mateuexport.com\/de\/wp-json\/wp\/v2\/users\/1"}],"replies":[{"embeddable":true,"href":"https:\/\/www.mateuexport.com\/de\/wp-json\/wp\/v2\/comments?post=567"}],"version-history":[{"count":1,"href":"https:\/\/www.mateuexport.com\/de\/wp-json\/wp\/v2\/pages\/567\/revisions"}],"predecessor-version":[{"id":573,"href":"https:\/\/www.mateuexport.com\/de\/wp-json\/wp\/v2\/pages\/567\/revisions\/573"}],"wp:attachment":[{"href":"https:\/\/www.mateuexport.com\/de\/wp-json\/wp\/v2\/media?parent=567"}],"curies":[{"name":"wp","href":"https:\/\/api.w.org\/{rel}","templated":true}]}}