{"id":583,"date":"2015-03-05T15:39:48","date_gmt":"2015-03-05T15:39:48","guid":{"rendered":"http:\/\/www.mateuexport.com\/politica-de-cookies-2\/"},"modified":"2019-03-14T19:35:09","modified_gmt":"2019-03-14T17:35:09","slug":"politica-de-cookies","status":"publish","type":"page","link":"https:\/\/www.mateuexport.com\/de\/politica-de-cookies\/","title":{"rendered":"Pol\u00edtica de Cookies"},"content":{"rendered":"\n<style type=\"text\/css\" data-created_by=\"avia_inline_auto\" id=\"style-css-av-av_heading-e7362b9c718e3440061596622fccbfc3\">\n#top .av-special-heading.av-av_heading-e7362b9c718e3440061596622fccbfc3{\npadding-bottom:0;\nfont-size:28px;\n}\nbody .av-special-heading.av-av_heading-e7362b9c718e3440061596622fccbfc3 .av-special-heading-tag .heading-char{\nfont-size:25px;\n}\n#top #wrap_all .av-special-heading.av-av_heading-e7362b9c718e3440061596622fccbfc3 .av-special-heading-tag{\nfont-size:28px;\n}\n.av-special-heading.av-av_heading-e7362b9c718e3440061596622fccbfc3 .av-subheading{\nfont-size:15px;\n}\n\n@media only screen and (min-width: 480px) and (max-width: 767px){ \n#top #wrap_all .av-special-heading.av-av_heading-e7362b9c718e3440061596622fccbfc3 .av-special-heading-tag{\nfont-size:0.8em;\n}\n}\n\n@media only screen and (max-width: 479px){ \n#top #wrap_all .av-special-heading.av-av_heading-e7362b9c718e3440061596622fccbfc3 .av-special-heading-tag{\nfont-size:0.8em;\n}\n}\n<\/style>\n<div  class='av-special-heading av-av_heading-e7362b9c718e3440061596622fccbfc3 av-special-heading-h1 blockquote modern-quote modern-centered  avia-builder-el-0  el_before_av_hr  avia-builder-el-first  av-inherit-size'><h1 class='av-special-heading-tag '  itemprop=\"headline\"  >Pol\u00edtica de Cookies<\/h1><div class=\"special-heading-border\"><div class=\"special-heading-inner-border\"><\/div><\/div><\/div>\n<div  class='hr av-av_hr-bad5bc90bcef2f12297bff634a297b07 hr-short  avia-builder-el-1  el_after_av_heading  el_before_av_textblock  hr-center'><span class='hr-inner '><span class=\"hr-inner-style\"><\/span><\/span><\/div>\n<section  class='av_textblock_section av-av_textblock-0366cc7376be6c9e82a3e9cc8987b64f '   itemscope=\"itemscope\" itemtype=\"https:\/\/schema.org\/CreativeWork\" ><div class='avia_textblock'  itemprop=\"text\" ><p><strong>INFORMACI\u00d3N SOBRE COOKIES<\/strong><br \/>\nDebido a la entrada en vigor de la referente modificaci\u00f3n de la \u201cLey de Servicios de la Sociedad de la Informaci\u00f3n\u201d (LSSICE) establecida por el Real Decreto 13\/2012, es de obligaci\u00f3n obtener el consentimiento expreso del usuario de todas las p\u00e1ginas web que usan cookies prescindibles, antes de que \u00e9ste navegue por ellas.<\/p>\n<p><strong>\u00bfQU\u00c9 SON LAS COOKIES?<\/strong><br \/>\nLas cookies y otras tecnolog\u00edas similares tales como local shared objects, flash cookies o p\u00edxeles, son herramientas empleadas por los servidores Web para almacenar y recuperar informaci\u00f3n acerca de sus visitantes, as\u00ed como para ofrecer un correcto funcionamiento del sitio.<br \/>\nMediante el uso de estos dispositivos se permite al servidor Web recordar algunos datos concernientes al usuario, como sus preferencias para la visualizaci\u00f3n de las p\u00e1ginas de ese servidor, nombre y contrase\u00f1a, productos que m\u00e1s le interesan, etc.<\/p>\n<p><strong>COOKIES AFECTADAS POR LA NORMATIVA Y COOKIES EXCEPTUADAS<\/strong><br \/>\nSeg\u00fan la directiva de la UE, las cookies que requieren el consentimiento informado por parte del usuario son las cookies de anal\u00edtica y las de publicidad y afiliaci\u00f3n, quedando exceptuadas las de car\u00e1cter t\u00e9cnico y las necesarias para el funcionamiento del sitio web o la prestaci\u00f3n de servicios expresamente solicitados por el usuario.<\/p>\n<p><strong>\u00bfQU\u00c9 TIPOS DE COOKIES EXISTEN?<\/strong><br \/>\nSobre los tipos de cookies, existen cinco grandes grupos:<\/p>\n<ul>\n<ul>\n<li>Cookies anal\u00edticas: recogen informaci\u00f3n del uso que se realiza del sitio web.<\/li>\n<\/ul>\n<\/ul>\n<ul>\n<ul>\n<li>Cookies sociales: son aquellas necesarias para redes sociales externas.<\/li>\n<\/ul>\n<\/ul>\n<ul>\n<ul>\n<li>Cookies de afiliados: permiten hacer un seguimiento de las visitas procedentes de otras webs, con las que el sitio web establece un contrato de afiliaci\u00f3n (empresas de afiliaci\u00f3n).<\/li>\n<\/ul>\n<\/ul>\n<ul>\n<ul>\n<li>Cookies de publicidad y comportamentales: recogen informaci\u00f3n sobre las preferencias y elecciones personales del usuario (retargeting).<\/li>\n<\/ul>\n<\/ul>\n<ul>\n<ul>\n<li>Cookies t\u00e9cnicas y funcionales: son las estrictamente necesarias para el uso del sitio web y para la prestaci\u00f3n del servicio contratado.<\/li>\n<\/ul>\n<\/ul>\n<p><strong>COOKIES QUE SE UTILIZAN EN ESTE SITIO WEB<\/strong><\/p>\n<ul>\n<ul>\n<li>PHPSESSID: cookie t\u00e9cnica y estrictamente necesaria que contiene el identificador de la sesi\u00f3n. Se elimina al cerrar el navegador.<\/li>\n<\/ul>\n<\/ul>\n<ul>\n<ul>\n<li>_ga: Cookie de Google Analytics que habilita la funci\u00f3n de control de visitas \u00fanicas. La primera vez que un usuario entre en el sitio web a trav\u00e9s de un navegador se instalar\u00e1 esta cookie. Cuando este usuario vuelva a entrar en la web con el mismo navegador, la cookie considerar\u00e1 que es el mismo usuario. Solo en el caso de que el usuario cambie de navegador, se considerar\u00e1 otro usuario. Caduca a los 2 a\u00f1os desde la \u00faltima actualizaci\u00f3n.<\/li>\n<\/ul>\n<\/ul>\n<ul>\n<ul>\n<li>_gat: Esta cookie se asocia con Google Analytics Universal. Se utiliza para limitar la velocidad de petici\u00f3n &#8211; la limitaci\u00f3n de la recogida de datos en los sitios de alto tr\u00e1fico. Caduca a los 10 minutos.<\/li>\n<\/ul>\n<\/ul>\n<ul>\n<ul>\n<li>_gid:\u00a0 Cookie de google analytics que se utiliza para distinguir a los usuarios. Tiene una duraci\u00f3n de 24 horas.<\/li>\n<\/ul>\n<\/ul>\n<ul>\n<ul>\n<li>_icl_current_language: Esta cookie responde al plugin multidioma WPML y es la responsable de identificar el idioma del navegador del usuario para determinar el idioma a mostrar de la web.<\/li>\n<\/ul>\n<\/ul>\n<ul>\n<ul>\n<li>viewed_cookie_policy: Cookie de uso interno necesaria para el funcionamiento de la\u00a0visualizaci\u00f3n\u00a0de la pol\u00edtica de cookies de la web.Tiene una duraci\u00f3n de 1 a\u00f1o.<\/li>\n<\/ul>\n<\/ul>\n<p><strong>REVOCACI\u00d3N DEL CONSENTIMIENTO PARA INSTALAR COOKIES COMO ELIMINAR LAS COOKIES DEL NAVEGADOR<\/strong><\/p>\n<p><strong>Chrome<\/strong><br \/>\n1. Selecciona el icono de Herramientas<br \/>\n2. Haz clic en Configuraci\u00f3n.<br \/>\n3. Haz clic en Mostrar Opciones Avanzadas.<br \/>\n4. En la secci\u00f3n &#8222;Privacidad&#8220; haz clic en Configuraci\u00f3n de contenido.<br \/>\n\u2022 Eliminar cookies: Haz clic en Todas las cookies y los datos de sitios&#8230;<br \/>\n\u2022 No permitir que se almacenen cookies.<br \/>\n5. Haz clic en Eliminar datos de navegaci\u00f3n (vaciar la Cach\u00e9).<br \/>\n6. Cierra y reinicia el navegador.<br \/>\nPara m\u00e1s informaci\u00f3n sobre Chrome pulse aqu\u00ed: <a href=\"https:\/\/support.google.com\/chrome\/answer\/95647?hl=es\" target=\"_blank\" rel=\"noopener\">https:\/\/support.google.com\/chrome\/answer\/95647?hl=es<\/a><\/p>\n<p><strong>Internet Explorer. Versi\u00f3n 11<\/strong><br \/>\n1. Selecciona Herramientas | Opciones de Internet.<br \/>\n2. Haz clic en la ficha General.<br \/>\n3. En la secci\u00f3n &#8222;Historial de exploraci\u00f3n&#8220;, haz clic en Eliminar el historial de exploraci\u00f3n al salir.<br \/>\n4. Seleccionar Eliminar archivos.<br \/>\n5. Seleccionar Eliminar cookies.<br \/>\n6. Haz clic en Eliminar.<br \/>\n7. Haz clic en Aceptar.<br \/>\n8. Cierra y reinicia el navegador.<br \/>\nPara m\u00e1s informaci\u00f3n sobre Internet Explorer pulse aqu\u00ed: <a href=\"https:\/\/windows.microsoft.com\/es-419\/windows7\/how-to-manage-cookies-in-internet-explorer-9\" target=\"_blank\" rel=\"noopener\">https:\/\/windows.microsoft.com\/es-419\/windows7\/how-to-manage-cookies-in-internet-explorer-9<\/a><\/p>\n<p><strong>Firefox. Versi\u00f3n 18<\/strong><br \/>\n1. Selecciona Firefox | Historial | Limpiar el historial reciente.<br \/>\n2. Al lado de &#8222;Detalles&#8220;, haz clic en la flecha hacia abajo.<br \/>\n3. Selecciona las siguientes casillas de verificaci\u00f3n: Cookies, Cach\u00e9, Inicios de sesi\u00f3n activos<br \/>\n4. Usando el &#8222;Intervalo de tiempo para borrar&#8220; en el men\u00fa desplegable, selecciona Todo.<br \/>\n5. Haz clic en Borrar ahora.<br \/>\n6. Cierra y reinicia el navegador.<br \/>\nPuede aceptar o rechazar las cookies individualmente en las Preferencias de Firefox, en la secci\u00f3n Historial disponible en<br \/>\nHerramientas &gt; Opciones &gt; Privacidad.<br \/>\nPara m\u00e1s informaci\u00f3n sobre Mozilla Firefox pulse aqu\u00ed: <a href=\"https:\/\/www.mozilla.org\/es-ES\/privacy\/websites\/#cookies\" target=\"_blank\" rel=\"noopener\">https:\/\/www.mozilla.org\/es-ES\/privacy\/websites\/#cookies<\/a><br \/>\n<strong>Safari Versi\u00f3n 5.1<\/strong><br \/>\n1. Selecciona el icono de Safari \/ Editar | Restaurar Safari.<br \/>\n2. Selecciona las siguientes casillas de verificaci\u00f3n: Borrar el historial, Eliminar todos los datos de sitio web<br \/>\n3. Haz clic en Restablecer.<br \/>\n4. Cierra y reinicia el navegador.<br \/>\nPara m\u00e1s informaci\u00f3n sobre Safari pulse aqu\u00ed: <a href=\"https:\/\/support.apple.com\/kb\/PH5042\" target=\"_blank\" rel=\"noopener\">https:\/\/support.apple.com\/kb\/PH5042<\/a><\/p>\n<p><strong>Opera<\/strong><br \/>\nOpciones &#8211; Avanzado &#8211; Cookies.<br \/>\nLas opciones de cookies controlan el modo en que Opera los maneja y por lo tanto su aceptaci\u00f3n o rechazo.<br \/>\nPara m\u00e1s informaci\u00f3n sobre \u00d3pera pulse aqu\u00ed: <a href=\"https:\/\/help.opera.com\/Linux\/10.60\/es-ES\/cookies.html\" target=\"_blank\" rel=\"noopener\">https:\/\/help.opera.com\/Linux\/10.60\/es-ES\/cookies.html<\/a><\/p>\n<p><strong>Otros navegadores<\/strong><br \/>\nConsulte la documentaci\u00f3n del navegador que tenga instalado.<\/p>\n<\/div><\/section>\n","protected":false},"excerpt":{"rendered":"","protected":false},"author":1,"featured_media":0,"parent":0,"menu_order":0,"comment_status":"open","ping_status":"closed","template":"","meta":{"footnotes":""},"class_list":["post-583","page","type-page","status-publish","hentry"],"yoast_head":"<!-- This site is optimized with the Yoast SEO plugin v23.4 - https:\/\/yoast.com\/wordpress\/plugins\/seo\/ -->\n<title>Pol\u00edtica de Cookies - Mateu Export<\/title>\n<meta name=\"robots\" content=\"index, follow, max-snippet:-1, max-image-preview:large, max-video-preview:-1\" \/>\n<link rel=\"canonical\" href=\"https:\/\/www.mateuexport.com\/de\/politica-de-cookies\/\" \/>\n<meta property=\"og:locale\" content=\"de_DE\" \/>\n<meta property=\"og:type\" content=\"article\" \/>\n<meta property=\"og:title\" content=\"Pol\u00edtica de Cookies - Mateu Export\" \/>\n<meta property=\"og:url\" content=\"https:\/\/www.mateuexport.com\/de\/politica-de-cookies\/\" \/>\n<meta property=\"og:site_name\" content=\"Mateu Export\" \/>\n<meta property=\"article:modified_time\" content=\"2019-03-14T17:35:09+00:00\" \/>\n<meta name=\"twitter:label1\" content=\"Gesch\u00e4tzte Lesezeit\" \/>\n\t<meta name=\"twitter:data1\" content=\"5\u00a0Minuten\" \/>\n<script type=\"application\/ld+json\" class=\"yoast-schema-graph\">{\"@context\":\"https:\/\/schema.org\",\"@graph\":[{\"@type\":\"WebPage\",\"@id\":\"https:\/\/www.mateuexport.com\/de\/politica-de-cookies\/\",\"url\":\"https:\/\/www.mateuexport.com\/de\/politica-de-cookies\/\",\"name\":\"Pol\u00edtica de Cookies - Mateu Export\",\"isPartOf\":{\"@id\":\"https:\/\/www.mateuexport.com\/#website\"},\"datePublished\":\"2015-03-05T15:39:48+00:00\",\"dateModified\":\"2019-03-14T17:35:09+00:00\",\"breadcrumb\":{\"@id\":\"https:\/\/www.mateuexport.com\/de\/politica-de-cookies\/#breadcrumb\"},\"inLanguage\":\"de\",\"potentialAction\":[{\"@type\":\"ReadAction\",\"target\":[\"https:\/\/www.mateuexport.com\/de\/politica-de-cookies\/\"]}]},{\"@type\":\"BreadcrumbList\",\"@id\":\"https:\/\/www.mateuexport.com\/de\/politica-de-cookies\/#breadcrumb\",\"itemListElement\":[{\"@type\":\"ListItem\",\"position\":1,\"name\":\"Portada\",\"item\":\"https:\/\/www.mateuexport.com\/de\/\"},{\"@type\":\"ListItem\",\"position\":2,\"name\":\"Pol\u00edtica de Cookies\"}]},{\"@type\":\"WebSite\",\"@id\":\"https:\/\/www.mateuexport.com\/#website\",\"url\":\"https:\/\/www.mateuexport.com\/\",\"name\":\"Mateu Export\",\"description\":\"News Potatoes From Mallorca\",\"publisher\":{\"@id\":\"https:\/\/www.mateuexport.com\/#organization\"},\"potentialAction\":[{\"@type\":\"SearchAction\",\"target\":{\"@type\":\"EntryPoint\",\"urlTemplate\":\"https:\/\/www.mateuexport.com\/?s={search_term_string}\"},\"query-input\":{\"@type\":\"PropertyValueSpecification\",\"valueRequired\":true,\"valueName\":\"search_term_string\"}}],\"inLanguage\":\"de\"},{\"@type\":\"Organization\",\"@id\":\"https:\/\/www.mateuexport.com\/#organization\",\"name\":\"Mateu Export\",\"url\":\"https:\/\/www.mateuexport.com\/\",\"logo\":{\"@type\":\"ImageObject\",\"inLanguage\":\"de\",\"@id\":\"https:\/\/www.mateuexport.com\/#\/schema\/logo\/image\/\",\"url\":\"https:\/\/www.mateuexport.com\/wp-content\/uploads\/2015\/09\/logo-mateuexport-300x89.gif\",\"contentUrl\":\"https:\/\/www.mateuexport.com\/wp-content\/uploads\/2015\/09\/logo-mateuexport-300x89.gif\",\"width\":300,\"height\":89,\"caption\":\"Mateu Export\"},\"image\":{\"@id\":\"https:\/\/www.mateuexport.com\/#\/schema\/logo\/image\/\"}}]}<\/script>\n<!-- \/ Yoast SEO plugin. -->","yoast_head_json":{"title":"Pol\u00edtica de Cookies - Mateu Export","robots":{"index":"index","follow":"follow","max-snippet":"max-snippet:-1","max-image-preview":"max-image-preview:large","max-video-preview":"max-video-preview:-1"},"canonical":"https:\/\/www.mateuexport.com\/de\/politica-de-cookies\/","og_locale":"de_DE","og_type":"article","og_title":"Pol\u00edtica de Cookies - Mateu Export","og_url":"https:\/\/www.mateuexport.com\/de\/politica-de-cookies\/","og_site_name":"Mateu Export","article_modified_time":"2019-03-14T17:35:09+00:00","twitter_misc":{"Gesch\u00e4tzte Lesezeit":"5\u00a0Minuten"},"schema":{"@context":"https:\/\/schema.org","@graph":[{"@type":"WebPage","@id":"https:\/\/www.mateuexport.com\/de\/politica-de-cookies\/","url":"https:\/\/www.mateuexport.com\/de\/politica-de-cookies\/","name":"Pol\u00edtica de Cookies - Mateu Export","isPartOf":{"@id":"https:\/\/www.mateuexport.com\/#website"},"datePublished":"2015-03-05T15:39:48+00:00","dateModified":"2019-03-14T17:35:09+00:00","breadcrumb":{"@id":"https:\/\/www.mateuexport.com\/de\/politica-de-cookies\/#breadcrumb"},"inLanguage":"de","potentialAction":[{"@type":"ReadAction","target":["https:\/\/www.mateuexport.com\/de\/politica-de-cookies\/"]}]},{"@type":"BreadcrumbList","@id":"https:\/\/www.mateuexport.com\/de\/politica-de-cookies\/#breadcrumb","itemListElement":[{"@type":"ListItem","position":1,"name":"Portada","item":"https:\/\/www.mateuexport.com\/de\/"},{"@type":"ListItem","position":2,"name":"Pol\u00edtica de Cookies"}]},{"@type":"WebSite","@id":"https:\/\/www.mateuexport.com\/#website","url":"https:\/\/www.mateuexport.com\/","name":"Mateu Export","description":"News Potatoes From Mallorca","publisher":{"@id":"https:\/\/www.mateuexport.com\/#organization"},"potentialAction":[{"@type":"SearchAction","target":{"@type":"EntryPoint","urlTemplate":"https:\/\/www.mateuexport.com\/?s={search_term_string}"},"query-input":{"@type":"PropertyValueSpecification","valueRequired":true,"valueName":"search_term_string"}}],"inLanguage":"de"},{"@type":"Organization","@id":"https:\/\/www.mateuexport.com\/#organization","name":"Mateu Export","url":"https:\/\/www.mateuexport.com\/","logo":{"@type":"ImageObject","inLanguage":"de","@id":"https:\/\/www.mateuexport.com\/#\/schema\/logo\/image\/","url":"https:\/\/www.mateuexport.com\/wp-content\/uploads\/2015\/09\/logo-mateuexport-300x89.gif","contentUrl":"https:\/\/www.mateuexport.com\/wp-content\/uploads\/2015\/09\/logo-mateuexport-300x89.gif","width":300,"height":89,"caption":"Mateu Export"},"image":{"@id":"https:\/\/www.mateuexport.com\/#\/schema\/logo\/image\/"}}]}},"_links":{"self":[{"href":"https:\/\/www.mateuexport.com\/de\/wp-json\/wp\/v2\/pages\/583"}],"collection":[{"href":"https:\/\/www.mateuexport.com\/de\/wp-json\/wp\/v2\/pages"}],"about":[{"href":"https:\/\/www.mateuexport.com\/de\/wp-json\/wp\/v2\/types\/page"}],"author":[{"embeddable":true,"href":"https:\/\/www.mateuexport.com\/de\/wp-json\/wp\/v2\/users\/1"}],"replies":[{"embeddable":true,"href":"https:\/\/www.mateuexport.com\/de\/wp-json\/wp\/v2\/comments?post=583"}],"version-history":[{"count":3,"href":"https:\/\/www.mateuexport.com\/de\/wp-json\/wp\/v2\/pages\/583\/revisions"}],"predecessor-version":[{"id":1576,"href":"https:\/\/www.mateuexport.com\/de\/wp-json\/wp\/v2\/pages\/583\/revisions\/1576"}],"wp:attachment":[{"href":"https:\/\/www.mateuexport.com\/de\/wp-json\/wp\/v2\/media?parent=583"}],"curies":[{"name":"wp","href":"https:\/\/api.w.org\/{rel}","templated":true}]}}